{"id":19356,"date":"2017-07-06T00:00:00","date_gmt":"2017-07-05T22:00:00","guid":{"rendered":"https:\/\/cloudflow.hybridsoftware.com\/support\/"},"modified":"2021-04-22T10:32:12","modified_gmt":"2021-04-22T08:32:12","slug":"suporte","status":"publish","type":"page","link":"https:\/\/cloudflow.hybridsoftware.com\/pt-pt\/suporte\/","title":{"rendered":"SUPORTE"},"content":{"rendered":"<p><div class=\"fusion-fullwidth fullwidth-box fusion-builder-row-1 nonhundred-percent-fullwidth non-hundred-percent-height-scrolling\" style=\"--awb-border-radius-top-left:0px;--awb-border-radius-top-right:0px;--awb-border-radius-bottom-right:0px;--awb-border-radius-bottom-left:0px;--awb-flex-wrap:wrap;\" ><div class=\"fusion-builder-row fusion-row\"><div class=\"fusion-layout-column fusion_builder_column fusion-builder-column-0 fusion_builder_column_1_1 1_1 fusion-one-full fusion-column-first fusion-column-last\" style=\"--awb-bg-size:cover;\"><div class=\"fusion-column-wrapper fusion-column-has-shadow fusion-flex-column-wrapper-legacy\"><div class=\"fusion-sep-clear\"><\/div><div class=\"fusion-separator fusion-full-width-sep\" style=\"margin-left: auto;margin-right: auto;margin-top:55px;margin-bottom:40px;width:100%;\"><\/div><div class=\"fusion-sep-clear\"><\/div><div class=\"fusion-clearfix\"><\/div><\/div><\/div><div class=\"fusion-layout-column fusion_builder_column fusion-builder-column-1 fusion_builder_column_1_2 1_2 fusion-one-half fusion-column-first\" style=\"--awb-bg-size:cover;width:50%;width:calc(50% - ( ( 4% ) * 0.5 ) );margin-right: 4%;\"><div class=\"fusion-column-wrapper fusion-column-has-shadow fusion-flex-column-wrapper-legacy\"><div class=\"fusion-text fusion-text-1\"><p>A equipe de Suporte &amp; Solu\u00e7\u00f5es de HYBRID Software cobre o ciclo de vida completo de sua solu\u00e7\u00e3o de software \u2013 de especifica\u00e7\u00e3o sobre implementa\u00e7\u00e3o e utiliza\u00e7\u00e3o at\u00e9 otimiza\u00e7\u00e3o.<\/p>\n<p>Atendemos as suas perguntas, consultas e emerg\u00eancias em nosso sistema de seguimento central que cria transpar\u00eancia para voc\u00ea e n\u00f3s.<br \/>\nE n\u00f3s asseguramos que suas id\u00e9ias ser\u00e3o respeitadas em desenvolvimentos futuros.<\/p>\n<p>Pode enviar-nos um e-mail ou ligar nossa linha direta durante as horas de trabalho.<\/p>\n<\/div><div class=\"fusion-clearfix\"><\/div><\/div><\/div><div class=\"fusion-layout-column fusion_builder_column fusion-builder-column-2 fusion_builder_column_1_2 1_2 fusion-one-half fusion-column-last\" style=\"--awb-bg-size:cover;width:50%;width:calc(50% - ( ( 4% ) * 0.5 ) );\"><div class=\"fusion-column-wrapper fusion-column-has-shadow fusion-flex-column-wrapper-legacy\"><div class=\"fusion-text fusion-text-2\"><p><strong>Suporte DACH\/CEE\/ME:<\/strong><br \/>\nHotline: +49 761 70 776 713<br \/>\nE-Mail: <a href=\"mailto:support-de@hybridsoftware.com\">support-de@hybridsoftware.com<\/a><\/p>\n<p><strong>Suporte US:<\/strong><br \/>\nHotline: +1-215-550-6243<br \/>\nE-Mail: <a href=\"mailto:support@hybridsoftware.com\">support-na@hybridsoftware.com<\/a><\/p>\n<p><strong>Suporte Europa do Norte\/Resto do Mundo:<\/strong><br \/>\nHotline: +32 9 247 01 21<br \/>\nE-Mail: <a href=\"mailto:support-be@hybridsoftware.com\">support-be@hybridsoftware.com<\/a><\/p>\n<p>Mais organiza\u00e7\u00f5es de suporte regionais est\u00e3o dispon\u00edveis. Por favor, pergunte ao seu contato local de HYBRID para os detalhes.<\/p>\n<\/div><div class=\"fusion-clearfix\"><\/div><\/div><\/div><\/div><\/div><div class=\"fusion-fullwidth fullwidth-box fusion-builder-row-2 fusion-flex-container nonhundred-percent-fullwidth non-hundred-percent-height-scrolling\" style=\"--awb-border-radius-top-left:0px;--awb-border-radius-top-right:0px;--awb-border-radius-bottom-right:0px;--awb-border-radius-bottom-left:0px;--awb-flex-wrap:wrap;\" ><div class=\"fusion-builder-row fusion-row fusion-flex-align-items-flex-start fusion-flex-content-wrap\" style=\"max-width:1248px;margin-left: calc(-4% \/ 2 );margin-right: calc(-4% \/ 2 );\"><div class=\"fusion-layout-column fusion_builder_column fusion-builder-column-3 fusion_builder_column_1_1 1_1 fusion-flex-column\" style=\"--awb-bg-size:cover;--awb-width-large:100%;--awb-margin-top-large:0px;--awb-spacing-right-large:1.92%;--awb-margin-bottom-large:20px;--awb-spacing-left-large:1.92%;--awb-width-medium:100%;--awb-spacing-right-medium:1.92%;--awb-spacing-left-medium:1.92%;--awb-width-small:100%;--awb-spacing-right-small:1.92%;--awb-spacing-left-small:1.92%;\"><div class=\"fusion-column-wrapper fusion-column-has-shadow fusion-flex-justify-content-flex-start fusion-content-layout-column\"><div class=\"fusion-separator fusion-full-width-sep\" style=\"align-self: center;margin-left: auto;margin-right: auto;margin-top:80px;margin-bottom:40px;width:100%;\"><\/div><\/div><\/div><\/div><\/div>\n<\/p>\n","protected":false},"excerpt":{"rendered":"","protected":false},"author":2,"featured_media":0,"parent":0,"menu_order":0,"comment_status":"open","ping_status":"open","template":"","meta":{"footnotes":""},"acf":[],"yoast_head":"<!-- This site is optimized with the Yoast SEO plugin v21.6 - https:\/\/yoast.com\/wordpress\/plugins\/seo\/ -->\n<title>SUPORTE - CLOUDFLOW by HYBRID Software<\/title>\n<meta name=\"robots\" content=\"index, follow, max-snippet:-1, max-image-preview:large, max-video-preview:-1\" \/>\n<link rel=\"canonical\" href=\"https:\/\/cloudflow.hybridsoftware.com\/pt-pt\/suporte\/\" \/>\n<meta property=\"og:locale\" content=\"pt_PT\" \/>\n<meta property=\"og:type\" content=\"article\" \/>\n<meta property=\"og:title\" content=\"SUPORTE - CLOUDFLOW by HYBRID Software\" \/>\n<meta property=\"og:url\" content=\"https:\/\/cloudflow.hybridsoftware.com\/pt-pt\/suporte\/\" \/>\n<meta property=\"og:site_name\" content=\"CLOUDFLOW by HYBRID Software\" \/>\n<meta property=\"article:modified_time\" content=\"2021-04-22T08:32:12+00:00\" \/>\n<meta name=\"twitter:card\" content=\"summary_large_image\" \/>\n<meta name=\"twitter:label1\" content=\"Tempo estimado de leitura\" \/>\n\t<meta name=\"twitter:data1\" content=\"3 minutos\" \/>\n<script type=\"application\/ld+json\" class=\"yoast-schema-graph\">{\"@context\":\"https:\/\/schema.org\",\"@graph\":[{\"@type\":\"WebPage\",\"@id\":\"https:\/\/cloudflow.hybridsoftware.com\/pt-pt\/suporte\/\",\"url\":\"https:\/\/cloudflow.hybridsoftware.com\/pt-pt\/suporte\/\",\"name\":\"SUPORTE - CLOUDFLOW by HYBRID Software\",\"isPartOf\":{\"@id\":\"https:\/\/cloudflow.hybridsoftware.com\/zh-hant\/#website\"},\"datePublished\":\"2017-07-05T22:00:00+00:00\",\"dateModified\":\"2021-04-22T08:32:12+00:00\",\"breadcrumb\":{\"@id\":\"https:\/\/cloudflow.hybridsoftware.com\/pt-pt\/suporte\/#breadcrumb\"},\"inLanguage\":\"pt-PT\",\"potentialAction\":[{\"@type\":\"ReadAction\",\"target\":[\"https:\/\/cloudflow.hybridsoftware.com\/pt-pt\/suporte\/\"]}]},{\"@type\":\"BreadcrumbList\",\"@id\":\"https:\/\/cloudflow.hybridsoftware.com\/pt-pt\/suporte\/#breadcrumb\",\"itemListElement\":[{\"@type\":\"ListItem\",\"position\":1,\"name\":\"Startseite\",\"item\":\"https:\/\/cloudflow.hybridsoftware.com\/pt-pt\/\"},{\"@type\":\"ListItem\",\"position\":2,\"name\":\"SUPORTE\"}]},{\"@type\":\"WebSite\",\"@id\":\"https:\/\/cloudflow.hybridsoftware.com\/zh-hant\/#website\",\"url\":\"https:\/\/cloudflow.hybridsoftware.com\/zh-hant\/\",\"name\":\"CLOUDFLOW by HYBRID Software\",\"description\":\"ENTERPRISE WORKFLOW\",\"potentialAction\":[{\"@type\":\"SearchAction\",\"target\":{\"@type\":\"EntryPoint\",\"urlTemplate\":\"https:\/\/cloudflow.hybridsoftware.com\/zh-hant\/?s={search_term_string}\"},\"query-input\":\"required name=search_term_string\"}],\"inLanguage\":\"pt-PT\"}]}<\/script>\n<!-- \/ Yoast SEO plugin. -->","yoast_head_json":{"title":"SUPORTE - CLOUDFLOW by HYBRID Software","robots":{"index":"index","follow":"follow","max-snippet":"max-snippet:-1","max-image-preview":"max-image-preview:large","max-video-preview":"max-video-preview:-1"},"canonical":"https:\/\/cloudflow.hybridsoftware.com\/pt-pt\/suporte\/","og_locale":"pt_PT","og_type":"article","og_title":"SUPORTE - CLOUDFLOW by HYBRID Software","og_url":"https:\/\/cloudflow.hybridsoftware.com\/pt-pt\/suporte\/","og_site_name":"CLOUDFLOW by HYBRID Software","article_modified_time":"2021-04-22T08:32:12+00:00","twitter_card":"summary_large_image","twitter_misc":{"Tempo estimado de leitura":"3 minutos"},"schema":{"@context":"https:\/\/schema.org","@graph":[{"@type":"WebPage","@id":"https:\/\/cloudflow.hybridsoftware.com\/pt-pt\/suporte\/","url":"https:\/\/cloudflow.hybridsoftware.com\/pt-pt\/suporte\/","name":"SUPORTE - CLOUDFLOW by HYBRID Software","isPartOf":{"@id":"https:\/\/cloudflow.hybridsoftware.com\/zh-hant\/#website"},"datePublished":"2017-07-05T22:00:00+00:00","dateModified":"2021-04-22T08:32:12+00:00","breadcrumb":{"@id":"https:\/\/cloudflow.hybridsoftware.com\/pt-pt\/suporte\/#breadcrumb"},"inLanguage":"pt-PT","potentialAction":[{"@type":"ReadAction","target":["https:\/\/cloudflow.hybridsoftware.com\/pt-pt\/suporte\/"]}]},{"@type":"BreadcrumbList","@id":"https:\/\/cloudflow.hybridsoftware.com\/pt-pt\/suporte\/#breadcrumb","itemListElement":[{"@type":"ListItem","position":1,"name":"Startseite","item":"https:\/\/cloudflow.hybridsoftware.com\/pt-pt\/"},{"@type":"ListItem","position":2,"name":"SUPORTE"}]},{"@type":"WebSite","@id":"https:\/\/cloudflow.hybridsoftware.com\/zh-hant\/#website","url":"https:\/\/cloudflow.hybridsoftware.com\/zh-hant\/","name":"CLOUDFLOW by HYBRID Software","description":"ENTERPRISE WORKFLOW","potentialAction":[{"@type":"SearchAction","target":{"@type":"EntryPoint","urlTemplate":"https:\/\/cloudflow.hybridsoftware.com\/zh-hant\/?s={search_term_string}"},"query-input":"required name=search_term_string"}],"inLanguage":"pt-PT"}]}},"_links":{"self":[{"href":"https:\/\/cloudflow.hybridsoftware.com\/pt-pt\/wp-json\/wp\/v2\/pages\/19356"}],"collection":[{"href":"https:\/\/cloudflow.hybridsoftware.com\/pt-pt\/wp-json\/wp\/v2\/pages"}],"about":[{"href":"https:\/\/cloudflow.hybridsoftware.com\/pt-pt\/wp-json\/wp\/v2\/types\/page"}],"author":[{"embeddable":true,"href":"https:\/\/cloudflow.hybridsoftware.com\/pt-pt\/wp-json\/wp\/v2\/users\/2"}],"replies":[{"embeddable":true,"href":"https:\/\/cloudflow.hybridsoftware.com\/pt-pt\/wp-json\/wp\/v2\/comments?post=19356"}],"version-history":[{"count":6,"href":"https:\/\/cloudflow.hybridsoftware.com\/pt-pt\/wp-json\/wp\/v2\/pages\/19356\/revisions"}],"predecessor-version":[{"id":20937,"href":"https:\/\/cloudflow.hybridsoftware.com\/pt-pt\/wp-json\/wp\/v2\/pages\/19356\/revisions\/20937"}],"wp:attachment":[{"href":"https:\/\/cloudflow.hybridsoftware.com\/pt-pt\/wp-json\/wp\/v2\/media?parent=19356"}],"curies":[{"name":"wp","href":"https:\/\/api.w.org\/{rel}","templated":true}]}}