{"id":23363,"date":"2017-07-06T00:00:00","date_gmt":"2017-07-05T22:00:00","guid":{"rendered":"https:\/\/cloudflow.hybridsoftware.com\/privacy-policy\/"},"modified":"2022-06-07T17:00:53","modified_gmt":"2022-06-07T15:00:53","slug":"polityka-prywatnosci","status":"publish","type":"page","link":"https:\/\/cloudflow.hybridsoftware.com\/pl\/polityka-prywatnosci\/","title":{"rendered":"Polityka prywatno\u015bci"},"content":{"rendered":"<p><div class=\"fusion-fullwidth fullwidth-box fusion-builder-row-1 fusion-flex-container datenschutz nonhundred-percent-fullwidth non-hundred-percent-height-scrolling\" style=\"--awb-border-radius-top-left:0px;--awb-border-radius-top-right:0px;--awb-border-radius-bottom-right:0px;--awb-border-radius-bottom-left:0px;--awb-flex-wrap:wrap;\" ><div class=\"fusion-builder-row fusion-row fusion-flex-align-items-flex-start fusion-flex-content-wrap\" style=\"max-width:1216.8px;margin-left: calc(-4% \/ 2 );margin-right: calc(-4% \/ 2 );\"><div class=\"fusion-layout-column fusion_builder_column fusion-builder-column-0 fusion_builder_column_1_1 1_1 fusion-flex-column\" style=\"--awb-bg-size:cover;--awb-width-large:100%;--awb-margin-top-large:0px;--awb-spacing-right-large:1.92%;--awb-margin-bottom-large:20px;--awb-spacing-left-large:1.92%;--awb-width-medium:100%;--awb-spacing-right-medium:1.92%;--awb-spacing-left-medium:1.92%;--awb-width-small:100%;--awb-spacing-right-small:1.92%;--awb-spacing-left-small:1.92%;\"><div class=\"fusion-column-wrapper fusion-column-has-shadow fusion-flex-justify-content-flex-start fusion-content-layout-column\"><div class=\"fusion-separator fusion-full-width-sep\" style=\"align-self: center;margin-left: auto;margin-right: auto;margin-top:50px;margin-bottom:40px;width:100%;\"><\/div><\/div><\/div><div class=\"fusion-layout-column fusion_builder_column fusion-builder-column-1 fusion_builder_column_1_2 1_2 fusion-flex-column\" style=\"--awb-bg-size:cover;--awb-width-large:50%;--awb-margin-top-large:0px;--awb-spacing-right-large:3.84%;--awb-margin-bottom-large:20px;--awb-spacing-left-large:3.84%;--awb-width-medium:50%;--awb-spacing-right-medium:3.84%;--awb-spacing-left-medium:3.84%;--awb-width-small:100%;--awb-spacing-right-small:1.92%;--awb-spacing-left-small:1.92%;\"><div class=\"fusion-column-wrapper fusion-column-has-shadow fusion-flex-justify-content-flex-start fusion-content-layout-column\"><div class=\"fusion-text fusion-text-1\" style=\"--awb-text-transform:none;\"><h2>1. Przegl\u0105d ochrony danych osobowych<\/h2>\n<h3>Og\u00f3lne<\/h3>\n<p>Poni\u017cej znajduje si\u0119 prosty przegl\u0105d tego, co dzieje si\u0119 z Twoimi danymi osobowymi podczas odwiedzin na naszej stronie internetowej. Dane osobowe to wszelkie dane, za pomoc\u0105 kt\u00f3rych mo\u017cna Ci\u0119 zidentyfikowa\u0107. Szczeg\u00f3\u0142owe informacje na temat ochrony danych znajduj\u0105 si\u0119 w naszej polityce prywatno\u015bci znajduj\u0105cej si\u0119 poni\u017cej.<\/p>\n<h3>Zbieranie danych na naszej stronie internetowej<\/h3>\n<p><strong>Kto jest odpowiedzialny za gromadzenie danych na tej stronie?<\/strong><br \/>\nDane zebrane na tej stronie s\u0105 przetwarzane przez operatora strony. Dane kontaktowe operatora znajduj\u0105 si\u0119 w wymaganej informacji prawnej serwisu.<\/p>\n<p><strong>Jak zbieramy Twoje dane?<\/strong><br \/>\nNiekt\u00f3re dane s\u0105 gromadzone, gdy je nam przekazujesz. Mog\u0105 to by\u0107 na przyk\u0142ad dane, kt\u00f3re wpisujesz w formularzu kontaktowym.<\/p>\n<p>Inne dane s\u0105 zbierane automatycznie przez nasze systemy informatyczne podczas odwiedzania strony internetowej. Dane te to przede wszystkim dane techniczne, takie jak przegl\u0105darka i system operacyjny, z kt\u00f3rych korzystasz lub kiedy uzyska\u0142e\u015b dost\u0119p do strony. Dane te s\u0105 zbierane automatycznie po wej\u015bciu na nasz\u0105 stron\u0119 internetow\u0105.<\/p>\n<p><strong>Do czego wykorzystujemy Twoje dane?<\/strong><br \/>\nCz\u0119\u015b\u0107 danych jest zbierana w celu zapewnienia prawid\u0142owego funkcjonowania serwisu. Inne dane mog\u0105 by\u0107 wykorzystywane do analizy sposobu, w jaki odwiedzaj\u0105cy korzystaj\u0105 z witryny.<\/p>\n<p><strong>Jakie masz prawa w odniesieniu do swoich danych?<\/strong><br \/>\nZawsze masz prawo za\u017c\u0105da\u0107 bezp\u0142atnie informacji o przechowywanych danych, ich pochodzeniu, odbiorcach i celu ich gromadzenia. Masz r\u00f3wnie\u017c prawo do \u017c\u0105dania ich poprawienia, zablokowania lub usuni\u0119cia. Mo\u017cesz skontaktowa\u0107 si\u0119 z nami w dowolnym momencie, korzystaj\u0105c z adresu podanego w informacji prawnej, je\u015bli masz dodatkowe pytania dotycz\u0105ce kwestii prywatno\u015bci i ochrony danych. Mo\u017cesz r\u00f3wnie\u017c oczywi\u015bcie z\u0142o\u017cy\u0107 skarg\u0119 do w\u0142a\u015bciwych organ\u00f3w regulacyjnych.<\/p>\n<h2>2. Informacje og\u00f3lne i obowi\u0105zkowe<\/h2>\n<h3>Ochrona danych<\/h3>\n<p>Operatorzy tej strony bardzo powa\u017cnie traktuj\u0105 ochron\u0119 Twoich danych osobowych. Traktujemy Twoje dane osobowe jako poufne i zgodnie z ustawowymi przepisami o ochronie danych oraz zgodnie z niniejsz\u0105 polityk\u0105 prywatno\u015bci.<\/p>\n<p>Je\u015bli korzystasz z tej witryny, gromadzone s\u0105 r\u00f3\u017cne dane osobowe. Dane osobowe to wszelkie dane, za pomoc\u0105 kt\u00f3rych mo\u017cna Ci\u0119 zidentyfikowa\u0107. Niniejsza polityka prywatno\u015bci wyja\u015bnia, jakie informacje zbieramy i do czego je wykorzystujemy. Wyja\u015bnia r\u00f3wnie\u017c, jak i w jakim celu to si\u0119 dzieje.<\/p>\n<p>Nale\u017cy pami\u0119ta\u0107, \u017ce dane przesy\u0142ane przez Internet (np. za po\u015brednictwem poczty elektronicznej) mog\u0105 podlega\u0107 naruszeniom bezpiecze\u0144stwa. Pe\u0142na ochrona Twoich danych przed dost\u0119pem os\u00f3b trzecich nie jest mo\u017cliwa.<\/p>\n<p>Informacja dotycz\u0105ca strony odpowiedzialnej za t\u0119 stron\u0119<br \/>\nPodmiotem odpowiedzialnym za przetwarzanie danych na tej stronie internetowej jest:<\/p>\n<p>Christopher Graf<br \/>\nUhlandstra\u00dfe 9<br \/>\n79102 Freiburg<br \/>\nTelefon: +49 761 70 776 720<br \/>\nE-mail: info@hybridsoftware.com<\/p>\n<p>Administratorem jest osoba fizyczna lub prawna, kt\u00f3ra samodzielnie lub wsp\u00f3lnie z innymi decyduje o celach i \u015brodkach przetwarzania danych osobowych (nazwiska, adresy e-mail itp.).<\/p>\n<p><strong>Cofni\u0119cie zgody na przetwarzanie danych<\/strong><br \/>\nWiele operacji przetwarzania danych jest mo\u017cliwych tylko za Twoj\u0105 wyra\u017an\u0105 zgod\u0105. W ka\u017cdej chwili mo\u017cesz odwo\u0142a\u0107 swoj\u0105 zgod\u0119 ze skutkiem na przysz\u0142o\u015b\u0107. Wystarczy nieformalny e-mail z tak\u0105 pro\u015bb\u0105. Dane przetwarzane przed otrzymaniem przez nas Twojego \u017c\u0105dania mog\u0105 by\u0107 nadal przetwarzane zgodnie z prawem.<\/p>\n<p><strong>Prawo do sk\u0142adania skarg do organ\u00f3w regulacyjnych<\/strong><br \/>\nW przypadku naruszenia przepis\u00f3w o ochronie danych osoba, kt\u00f3rej to dotyczy, mo\u017ce z\u0142o\u017cy\u0107 skarg\u0119 do w\u0142a\u015bciwych organ\u00f3w regulacyjnych. W\u0142a\u015bciwym organem regulacyjnym w sprawach zwi\u0105zanych z przepisami o ochronie danych jest inspektor ochrony danych w j\u0119zyku niemieckim. List\u0119 inspektor\u00f3w ochrony danych i ich dane kontaktowe mo\u017cna znale\u017a\u0107 pod nast\u0119puj\u0105cym linkiem: https:\/\/www.bfdi.bund.de\/DE\/Infothek\/Anschriften_Links\/anschriften_links-node.html.<\/p>\n<p>Prawo do przenoszenia danych<br \/>\nMasz prawo do tego, aby dane, kt\u00f3re przetwarzamy na podstawie Twojej zgody lub w ramach realizacji umowy, zosta\u0142y automatycznie dostarczone do Ciebie lub osoby trzeciej w standardowym formacie nadaj\u0105cym si\u0119 do odczytu maszynowego. Je\u015bli za\u017c\u0105dasz bezpo\u015bredniego przekazania danych innemu odpowiedzialnemu podmiotowi, nast\u0105pi to tylko w zakresie, w jakim jest to technicznie wykonalne.<\/p>\n<p>Szyfrowanie SSL lub TLS<br \/>\nTa strona u\u017cywa szyfrowania SSL lub TLS ze wzgl\u0119d\u00f3w bezpiecze\u0144stwa oraz w celu ochrony przesy\u0142ania poufnych tre\u015bci, takich jak zapytania, kt\u00f3re wysy\u0142asz do nas jako operatora strony. Zaszyfrowane po\u0142\u0105czenie mo\u017cna rozpozna\u0107 w wierszu adresu przegl\u0105darki, gdy zmienia si\u0119 ono z \u201ehttp:\/\/\u201d na \u201ehttps:\/\/\u201d, a ikona k\u0142\u00f3dki jest wy\u015bwietlana na pasku adresu przegl\u0105darki.<\/p>\n<p>Je\u015bli szyfrowanie SSL lub TLS jest w\u0142\u0105czone, dane, kt\u00f3re nam przekazujesz, nie mog\u0105 by\u0107 odczytywane przez osoby trzecie.<\/p>\n<p>Informacje, blokowanie, usuwanie<br \/>\nZgodnie z prawem masz prawo do uzyskania w dowolnym momencie bezp\u0142atnej informacji o swoich danych osobowych, kt\u00f3re s\u0105 przechowywane, a tak\u017ce o ich pochodzeniu, odbiorcy i celu przetwarzania. Masz r\u00f3wnie\u017c prawo do poprawienia, zablokowania lub usuni\u0119cia tych danych. Mo\u017cesz skontaktowa\u0107 si\u0119 z nami w dowolnym momencie, korzystaj\u0105c z adresu podanego w naszej informacji prawnej, je\u015bli masz dodatkowe pytania.<\/p>\n<\/div><\/div><\/div><div class=\"fusion-layout-column fusion_builder_column fusion-builder-column-2 fusion_builder_column_1_2 1_2 fusion-flex-column\" style=\"--awb-bg-size:cover;--awb-width-large:50%;--awb-margin-top-large:0px;--awb-spacing-right-large:3.84%;--awb-margin-bottom-large:20px;--awb-spacing-left-large:3.84%;--awb-width-medium:50%;--awb-spacing-right-medium:3.84%;--awb-spacing-left-medium:3.84%;--awb-width-small:100%;--awb-spacing-right-small:1.92%;--awb-spacing-left-small:1.92%;\"><div class=\"fusion-column-wrapper fusion-column-has-shadow fusion-flex-justify-content-flex-start fusion-content-layout-column\"><div class=\"fusion-text fusion-text-2\" style=\"--awb-text-transform:none;\"><h2>3. Inspektor ochrony danych<\/h2>\n<p>Ustawowy inspektor ochrony danych<br \/>\nWyznaczyli\u015bmy dla naszej firmy inspektora ochrony danych.<br \/>\nE-mail: datenschutzbeauftragter@hybridsoftware.com<\/p>\n<h2>4. Zbieranie danych na naszej stronie internetowej<\/h2>\n<h3>Ciasteczka<\/h3>\n<p>Niekt\u00f3re z naszych stron internetowych wykorzystuj\u0105 pliki cookies. Pliki cookies nie szkodz\u0105 komputerowi i nie zawieraj\u0105 \u017cadnych wirus\u00f3w, pomagaj\u0105 uczyni\u0107 nasz\u0105 witryn\u0119 bardziej przyjazn\u0105 dla u\u017cytkownika, wydajniejsz\u0105 i bezpieczniejsz\u0105. Pliki cookies to ma\u0142e pliki tekstowe, kt\u00f3re s\u0105 przechowywane na Twoim komputerze i zapisywane przez Twoj\u0105 przegl\u0105dark\u0119.<\/p>\n<p>Wi\u0119kszo\u015b\u0107 u\u017cywanych przez nas plik\u00f3w cookie to tak zwane \u201epliki cookies sesji\u201d. S\u0105 one automatycznie usuwane po Twojej wizycie. Inne pliki cookies pozostaj\u0105 w pami\u0119ci Twojego urz\u0105dzenia do czasu ich usuni\u0119cia przez Ciebie, umo\u017cliwiaj\u0105 rozpoznanie Twojej przegl\u0105darki przy nast\u0119pnej wizycie na stronie.<\/p>\n<p>Mo\u017cesz skonfigurowa\u0107 swoj\u0105 przegl\u0105dark\u0119 tak, aby informowa\u0142a Ci\u0119 o u\u017cywaniu plik\u00f3w cookies, dzi\u0119ki czemu mo\u017cesz decydowa\u0107 w ka\u017cdym przypadku, czy zaakceptowa\u0107 lub odrzuci\u0107 plik cookies. Alternatywnie, przegl\u0105dark\u0119 mo\u017cna skonfigurowa\u0107 tak, aby automatycznie akceptowa\u0142a pliki cookies pod pewnymi warunkami lub zawsze je odrzuca\u0142a, lub automatycznie je usuwa\u0142a po zamkni\u0119ciu przegl\u0105darki. Wy\u0142\u0105czenie plik\u00f3w cookies mo\u017ce ograniczy\u0107 funkcjonalno\u015b\u0107 tej witryny.<\/p>\n<p>Pliki cookies, kt\u00f3re s\u0105 niezb\u0119dne do komunikacji elektronicznej lub zapewnienia okre\u015blonych funkcji, z kt\u00f3rych chcesz korzysta\u0107 (takich jak koszyk), s\u0105 przechowywane zgodnie z art. 6 ust. 1 lit. f DSGVO. Operator strony internetowej ma uzasadniony pow\u00f3d aby przechowywa\u0107 pliki cookies w celu zapewnienia zoptymalizowanej \u015bwiadczonej us\u0142ugi bez b\u0142\u0119d\u00f3w technicznych. Je\u015bli przechowywane s\u0105 r\u00f3wnie\u017c inne pliki cookies (takie jak te u\u017cywane do analizy zachowania u\u017cytkownika podczas przegl\u0105dania), b\u0119d\u0105 one traktowane oddzielnie w niniejszej polityce prywatno\u015bci.<\/p>\n<p><strong>Pliki dziennika serwera<\/strong><br \/>\nDostawca strony internetowej automatycznie zbiera i przechowuje informacje, kt\u00f3re Twoja przegl\u0105darka automatycznie przesy\u0142a do nas w \u201eplikach dziennika serwera\u201d. S\u0105 to:<\/p>\n<p>Typ przegl\u0105darki i wersja przegl\u0105darki<br \/>\nU\u017cywany system operacyjny<br \/>\nURL strony odsy\u0142aj\u0105cej<br \/>\nNazwa hosta komputera uzyskuj\u0105cego dost\u0119p<br \/>\nCzas \u017c\u0105dania serwera<br \/>\nadres IP<br \/>\nDane te nie b\u0119d\u0105 \u0142\u0105czone z danymi z innych \u017ar\u00f3de\u0142.<\/p>\n<p>Podstaw\u0105 przetwarzania danych jest art. 6 ust. 1 lit. f RODO. Operator serwisu ma prawnie uzasadniony interes w zapewnieniu zoptymalizowanej \u015bwiadczonej us\u0142ugi bez b\u0142\u0119d\u00f3w technicznych. Dlatego pliki dziennika serwera musz\u0105 by\u0107 przechowywane.<\/p>\n<p>Formularz kontaktowy<br \/>\nJe\u015bli prze\u015blesz nam zapytanie za po\u015brednictwem formularza kontaktowego, zbierzemy dane wpisane w formularzu, w tym podane przez Ciebie dane kontaktowe, aby odpowiedzie\u0107 na Twoje pytanie i ewentualne pytania uzupe\u0142niaj\u0105ce. Nie udost\u0119pniamy tych informacji bez Twojej zgody.<\/p>\n<p>W zwi\u0105zku z tym wszelkie dane, kt\u00f3re wprowadzisz do formularza kontaktowego, b\u0119dziemy przetwarza\u0107 wy\u0142\u0105cznie za Twoj\u0105 zgod\u0105 zgodnie z art. 6 ust. 1 lit. a DSGVO. W ka\u017cdej chwili mo\u017cesz odwo\u0142a\u0107 swoj\u0105 zgod\u0119. Wystarczy nieformalny e-mail z tak\u0105 pro\u015bb\u0105. Dane przetwarzane przed otrzymaniem przez nas Twojego \u017c\u0105dania mog\u0105 by\u0107 nadal przetwarzane zgodnie z prawem.<\/p>\n<p>Dane, kt\u00f3re poda\u0142e\u015b w formularzu kontaktowym, b\u0119dziemy przechowywa\u0107 do czasu, a\u017c za\u017c\u0105dasz ich usuni\u0119cia, cofniesz zgod\u0119 na ich przechowywanie lub przestanie obowi\u0105zywa\u0107 cel ich przechowywania (np. po spe\u0142nieniu Twojego \u017c\u0105dania). Wszelkie bezwzgl\u0119dnie obowi\u0105zuj\u0105ce przepisy ustawowe, w szczeg\u00f3lno\u015bci te dotycz\u0105ce obowi\u0105zkowych okres\u00f3w przechowywania danych, pozostaj\u0105 nienaruszone przez ten przepis.<\/p>\n<p>5. Wtyczki i narz\u0119dzia<br \/>\nmapy Google<br \/>\nTa witryna korzysta z us\u0142ugi Google Maps za po\u015brednictwem interfejsu API. Jest obs\u0142ugiwany przez Google Inc., 1600 Amphitheatre Parkway, Mountain View, CA 94043, USA.<\/p>\n<p>Aby korzysta\u0107 z Google Maps, konieczne jest zapisanie adresu IP. Informacje te s\u0105 z regu\u0142y przesy\u0142ane na serwer Google w USA i tam przechowywane. Dostawca tej strony nie ma wp\u0142ywu na ten transfer danych.<\/p>\n<p>Korzystanie z Google Maps ma na celu uatrakcyjnienie naszej strony internetowej oraz u\u0142atwienie lokalizacji wskazanych przez nas miejsc na stronie. Stanowi to uzasadniony interes zgodnie z art. 6 ust. 1 lit. f RODO.<\/p>\n<p>Wi\u0119cej informacji na temat post\u0119powania z danymi u\u017cytkownika mo\u017cna znale\u017a\u0107 w o\u015bwiadczeniu o ochronie danych Google pod adresem https:\/\/www.google.de\/intl\/de\/policies\/privacy\/.<\/p>\n<\/div><\/div><\/div><\/div><\/div><div class=\"fusion-fullwidth fullwidth-box fusion-builder-row-2 fusion-flex-container nonhundred-percent-fullwidth non-hundred-percent-height-scrolling\" style=\"--awb-border-radius-top-left:0px;--awb-border-radius-top-right:0px;--awb-border-radius-bottom-right:0px;--awb-border-radius-bottom-left:0px;--awb-flex-wrap:wrap;\" ><div class=\"fusion-builder-row fusion-row fusion-flex-align-items-flex-start fusion-flex-content-wrap\" style=\"max-width:1216.8px;margin-left: calc(-4% \/ 2 );margin-right: calc(-4% \/ 2 );\"><div class=\"fusion-layout-column fusion_builder_column fusion-builder-column-3 fusion_builder_column_1_1 1_1 fusion-flex-column\" style=\"--awb-bg-size:cover;--awb-width-large:100%;--awb-margin-top-large:0px;--awb-spacing-right-large:1.92%;--awb-margin-bottom-large:20px;--awb-spacing-left-large:1.92%;--awb-width-medium:100%;--awb-spacing-right-medium:1.92%;--awb-spacing-left-medium:1.92%;--awb-width-small:100%;--awb-spacing-right-small:1.92%;--awb-spacing-left-small:1.92%;\"><div class=\"fusion-column-wrapper fusion-column-has-shadow fusion-flex-justify-content-flex-start fusion-content-layout-column\"><div class=\"fusion-separator fusion-full-width-sep\" style=\"align-self: center;margin-left: auto;margin-right: auto;margin-top:80px;margin-bottom:40px;width:100%;\"><\/div><\/div><\/div><\/div><\/div>\n<\/p>\n","protected":false},"excerpt":{"rendered":"","protected":false},"author":2,"featured_media":0,"parent":0,"menu_order":0,"comment_status":"open","ping_status":"open","template":"","meta":{"footnotes":""},"acf":[],"yoast_head":"<!-- This site is optimized with the Yoast SEO plugin v21.6 - https:\/\/yoast.com\/wordpress\/plugins\/seo\/ -->\n<title>Polityka prywatno\u015bci - CLOUDFLOW by HYBRID Software<\/title>\n<meta name=\"robots\" content=\"index, follow, max-snippet:-1, max-image-preview:large, max-video-preview:-1\" \/>\n<link rel=\"canonical\" href=\"https:\/\/cloudflow.hybridsoftware.com\/pl\/polityka-prywatnosci\/\" \/>\n<meta property=\"og:locale\" content=\"pl_PL\" \/>\n<meta property=\"og:type\" content=\"article\" \/>\n<meta property=\"og:title\" content=\"Polityka prywatno\u015bci - CLOUDFLOW by HYBRID Software\" \/>\n<meta property=\"og:url\" content=\"https:\/\/cloudflow.hybridsoftware.com\/pl\/polityka-prywatnosci\/\" \/>\n<meta property=\"og:site_name\" content=\"CLOUDFLOW by HYBRID Software\" \/>\n<meta property=\"article:modified_time\" content=\"2022-06-07T15:00:53+00:00\" \/>\n<meta name=\"twitter:card\" content=\"summary_large_image\" \/>\n<meta name=\"twitter:label1\" content=\"Szacowany czas czytania\" \/>\n\t<meta name=\"twitter:data1\" content=\"11 minut\" \/>\n<script type=\"application\/ld+json\" class=\"yoast-schema-graph\">{\"@context\":\"https:\/\/schema.org\",\"@graph\":[{\"@type\":\"WebPage\",\"@id\":\"https:\/\/cloudflow.hybridsoftware.com\/pl\/polityka-prywatnosci\/\",\"url\":\"https:\/\/cloudflow.hybridsoftware.com\/pl\/polityka-prywatnosci\/\",\"name\":\"Polityka prywatno\u015bci - CLOUDFLOW by HYBRID Software\",\"isPartOf\":{\"@id\":\"https:\/\/cloudflow.hybridsoftware.com\/zh-hant\/#website\"},\"datePublished\":\"2017-07-05T22:00:00+00:00\",\"dateModified\":\"2022-06-07T15:00:53+00:00\",\"breadcrumb\":{\"@id\":\"https:\/\/cloudflow.hybridsoftware.com\/pl\/polityka-prywatnosci\/#breadcrumb\"},\"inLanguage\":\"pl-PL\",\"potentialAction\":[{\"@type\":\"ReadAction\",\"target\":[\"https:\/\/cloudflow.hybridsoftware.com\/pl\/polityka-prywatnosci\/\"]}]},{\"@type\":\"BreadcrumbList\",\"@id\":\"https:\/\/cloudflow.hybridsoftware.com\/pl\/polityka-prywatnosci\/#breadcrumb\",\"itemListElement\":[{\"@type\":\"ListItem\",\"position\":1,\"name\":\"Startseite\",\"item\":\"https:\/\/cloudflow.hybridsoftware.com\/pl\/\"},{\"@type\":\"ListItem\",\"position\":2,\"name\":\"Polityka prywatno\u015bci\"}]},{\"@type\":\"WebSite\",\"@id\":\"https:\/\/cloudflow.hybridsoftware.com\/zh-hant\/#website\",\"url\":\"https:\/\/cloudflow.hybridsoftware.com\/zh-hant\/\",\"name\":\"CLOUDFLOW by HYBRID Software\",\"description\":\"ENTERPRISE WORKFLOW\",\"potentialAction\":[{\"@type\":\"SearchAction\",\"target\":{\"@type\":\"EntryPoint\",\"urlTemplate\":\"https:\/\/cloudflow.hybridsoftware.com\/zh-hant\/?s={search_term_string}\"},\"query-input\":\"required name=search_term_string\"}],\"inLanguage\":\"pl-PL\"}]}<\/script>\n<!-- \/ Yoast SEO plugin. -->","yoast_head_json":{"title":"Polityka prywatno\u015bci - CLOUDFLOW by HYBRID Software","robots":{"index":"index","follow":"follow","max-snippet":"max-snippet:-1","max-image-preview":"max-image-preview:large","max-video-preview":"max-video-preview:-1"},"canonical":"https:\/\/cloudflow.hybridsoftware.com\/pl\/polityka-prywatnosci\/","og_locale":"pl_PL","og_type":"article","og_title":"Polityka prywatno\u015bci - CLOUDFLOW by HYBRID Software","og_url":"https:\/\/cloudflow.hybridsoftware.com\/pl\/polityka-prywatnosci\/","og_site_name":"CLOUDFLOW by HYBRID Software","article_modified_time":"2022-06-07T15:00:53+00:00","twitter_card":"summary_large_image","twitter_misc":{"Szacowany czas czytania":"11 minut"},"schema":{"@context":"https:\/\/schema.org","@graph":[{"@type":"WebPage","@id":"https:\/\/cloudflow.hybridsoftware.com\/pl\/polityka-prywatnosci\/","url":"https:\/\/cloudflow.hybridsoftware.com\/pl\/polityka-prywatnosci\/","name":"Polityka prywatno\u015bci - CLOUDFLOW by HYBRID Software","isPartOf":{"@id":"https:\/\/cloudflow.hybridsoftware.com\/zh-hant\/#website"},"datePublished":"2017-07-05T22:00:00+00:00","dateModified":"2022-06-07T15:00:53+00:00","breadcrumb":{"@id":"https:\/\/cloudflow.hybridsoftware.com\/pl\/polityka-prywatnosci\/#breadcrumb"},"inLanguage":"pl-PL","potentialAction":[{"@type":"ReadAction","target":["https:\/\/cloudflow.hybridsoftware.com\/pl\/polityka-prywatnosci\/"]}]},{"@type":"BreadcrumbList","@id":"https:\/\/cloudflow.hybridsoftware.com\/pl\/polityka-prywatnosci\/#breadcrumb","itemListElement":[{"@type":"ListItem","position":1,"name":"Startseite","item":"https:\/\/cloudflow.hybridsoftware.com\/pl\/"},{"@type":"ListItem","position":2,"name":"Polityka prywatno\u015bci"}]},{"@type":"WebSite","@id":"https:\/\/cloudflow.hybridsoftware.com\/zh-hant\/#website","url":"https:\/\/cloudflow.hybridsoftware.com\/zh-hant\/","name":"CLOUDFLOW by HYBRID Software","description":"ENTERPRISE WORKFLOW","potentialAction":[{"@type":"SearchAction","target":{"@type":"EntryPoint","urlTemplate":"https:\/\/cloudflow.hybridsoftware.com\/zh-hant\/?s={search_term_string}"},"query-input":"required name=search_term_string"}],"inLanguage":"pl-PL"}]}},"_links":{"self":[{"href":"https:\/\/cloudflow.hybridsoftware.com\/pl\/wp-json\/wp\/v2\/pages\/23363"}],"collection":[{"href":"https:\/\/cloudflow.hybridsoftware.com\/pl\/wp-json\/wp\/v2\/pages"}],"about":[{"href":"https:\/\/cloudflow.hybridsoftware.com\/pl\/wp-json\/wp\/v2\/types\/page"}],"author":[{"embeddable":true,"href":"https:\/\/cloudflow.hybridsoftware.com\/pl\/wp-json\/wp\/v2\/users\/2"}],"replies":[{"embeddable":true,"href":"https:\/\/cloudflow.hybridsoftware.com\/pl\/wp-json\/wp\/v2\/comments?post=23363"}],"version-history":[{"count":4,"href":"https:\/\/cloudflow.hybridsoftware.com\/pl\/wp-json\/wp\/v2\/pages\/23363\/revisions"}],"predecessor-version":[{"id":23371,"href":"https:\/\/cloudflow.hybridsoftware.com\/pl\/wp-json\/wp\/v2\/pages\/23363\/revisions\/23371"}],"wp:attachment":[{"href":"https:\/\/cloudflow.hybridsoftware.com\/pl\/wp-json\/wp\/v2\/media?parent=23363"}],"curies":[{"name":"wp","href":"https:\/\/api.w.org\/{rel}","templated":true}]}}