{"id":23332,"date":"2017-07-06T00:00:00","date_gmt":"2017-07-05T22:00:00","guid":{"rendered":"https:\/\/cloudflow.hybridsoftware.com\/support\/"},"modified":"2022-06-07T15:06:13","modified_gmt":"2022-06-07T13:06:13","slug":"wsparcie","status":"publish","type":"page","link":"https:\/\/cloudflow.hybridsoftware.com\/pl\/wsparcie\/","title":{"rendered":"WSPARCIE"},"content":{"rendered":"<p><div class=\"fusion-fullwidth fullwidth-box fusion-builder-row-1 fusion-flex-container nonhundred-percent-fullwidth non-hundred-percent-height-scrolling\" style=\"--awb-border-radius-top-left:0px;--awb-border-radius-top-right:0px;--awb-border-radius-bottom-right:0px;--awb-border-radius-bottom-left:0px;--awb-flex-wrap:wrap;\" ><div class=\"fusion-builder-row fusion-row fusion-flex-align-items-flex-start fusion-flex-content-wrap\" style=\"max-width:1216.8px;margin-left: calc(-4% \/ 2 );margin-right: calc(-4% \/ 2 );\"><div class=\"fusion-layout-column fusion_builder_column fusion-builder-column-0 fusion_builder_column_1_1 1_1 fusion-flex-column\" style=\"--awb-bg-size:cover;--awb-width-large:100%;--awb-margin-top-large:0px;--awb-spacing-right-large:1.92%;--awb-margin-bottom-large:20px;--awb-spacing-left-large:1.92%;--awb-width-medium:100%;--awb-spacing-right-medium:1.92%;--awb-spacing-left-medium:1.92%;--awb-width-small:100%;--awb-spacing-right-small:1.92%;--awb-spacing-left-small:1.92%;\"><div class=\"fusion-column-wrapper fusion-column-has-shadow fusion-flex-justify-content-flex-start fusion-content-layout-column\"><div class=\"fusion-separator fusion-full-width-sep\" style=\"align-self: center;margin-left: auto;margin-right: auto;margin-top:55px;margin-bottom:40px;width:100%;\"><\/div><\/div><\/div><div class=\"fusion-layout-column fusion_builder_column fusion-builder-column-1 fusion_builder_column_1_2 1_2 fusion-flex-column\" style=\"--awb-bg-size:cover;--awb-width-large:50%;--awb-margin-top-large:0px;--awb-spacing-right-large:3.84%;--awb-margin-bottom-large:20px;--awb-spacing-left-large:3.84%;--awb-width-medium:50%;--awb-spacing-right-medium:3.84%;--awb-spacing-left-medium:3.84%;--awb-width-small:100%;--awb-spacing-right-small:1.92%;--awb-spacing-left-small:1.92%;\"><div class=\"fusion-column-wrapper fusion-column-has-shadow fusion-flex-justify-content-flex-start fusion-content-layout-column\"><div class=\"fusion-text fusion-text-1\" style=\"--awb-text-transform:none;\"><p>Zesp\u00f3\u0142 HYBRID Software ds.wsparcia i rozwi\u0105za\u0144 zajmuje si\u0119 ca\u0142ym cyklem \u017cycia twojego oprogramowania \u2014 od specyfikacji, przez wdro\u017cenie i u\u017cytkowanie, po optymalizacj\u0119.<\/p>\n<p>Zajmiemy si\u0119 Twoimi pytaniami, problemami i sytuacjami awaryjnymi poprzez przejrzysty, centralny system \u015bledzenia. Dopilnujemy aby Twoje pomys\u0142y by\u0142y respektowane w przysz\u0142ych projektach.<\/p>\n<p>Mo\u017cesz skontaktowa\u0107 si\u0119 z nami poprzez e-mail lub telefoniczn\u0105 infolini\u0119 w godzinach pracy.<\/p>\n<\/div><\/div><\/div><div class=\"fusion-layout-column fusion_builder_column fusion-builder-column-2 fusion_builder_column_1_2 1_2 fusion-flex-column\" style=\"--awb-bg-size:cover;--awb-width-large:50%;--awb-margin-top-large:0px;--awb-spacing-right-large:3.84%;--awb-margin-bottom-large:20px;--awb-spacing-left-large:3.84%;--awb-width-medium:50%;--awb-spacing-right-medium:3.84%;--awb-spacing-left-medium:3.84%;--awb-width-small:100%;--awb-spacing-right-small:1.92%;--awb-spacing-left-small:1.92%;\"><div class=\"fusion-column-wrapper fusion-column-has-shadow fusion-flex-justify-content-flex-start fusion-content-layout-column\"><div class=\"fusion-text fusion-text-2\" style=\"--awb-text-transform:none;\"><p><strong>Wsparcie DACH\/CEE\/ME:<\/strong><br \/>Infolinia: +49 761 70 776 713<br \/>E-mail: <a href=\"mailto:support-de@hybridsoftware.com\">support-de@hybridsoftware.com<\/a><\/p>\n<p><strong>Wsparcie Stany Zjednoczone:<\/strong><br \/>Infolinia: +1-215-550-6243<br \/>E-mail: <a href=\"mailto:support-na@hybridsoftware.com\">support-na@hybridsoftware.com<\/a><\/p>\n<p><strong>Wsparcie Europa P\u00f3\u0142nocna\/ROW:<\/strong><br \/>Infolinia: +32 9 247 01 21<br \/>E-mail: <a href=\"mailto:support-be@hybridsoftware.com\">support-be@hybridsoftware.com<\/a><\/p>\n<p>Dost\u0119pnych jest wi\u0119cej regionalnych organizacji wsparcia, o szczeg\u00f3\u0142y pytaj lokalnego przedstawiciela HYBRID.<\/p>\n<\/div><\/div><\/div><\/div><\/div><div class=\"fusion-fullwidth fullwidth-box fusion-builder-row-2 fusion-flex-container nonhundred-percent-fullwidth non-hundred-percent-height-scrolling\" style=\"--awb-border-radius-top-left:0px;--awb-border-radius-top-right:0px;--awb-border-radius-bottom-right:0px;--awb-border-radius-bottom-left:0px;--awb-flex-wrap:wrap;\" ><div class=\"fusion-builder-row fusion-row fusion-flex-align-items-flex-start fusion-flex-content-wrap\" style=\"max-width:1216.8px;margin-left: calc(-4% \/ 2 );margin-right: calc(-4% \/ 2 );\"><div class=\"fusion-layout-column fusion_builder_column fusion-builder-column-3 fusion_builder_column_1_1 1_1 fusion-flex-column\" style=\"--awb-bg-size:cover;--awb-width-large:100%;--awb-margin-top-large:0px;--awb-spacing-right-large:1.92%;--awb-margin-bottom-large:20px;--awb-spacing-left-large:1.92%;--awb-width-medium:100%;--awb-spacing-right-medium:1.92%;--awb-spacing-left-medium:1.92%;--awb-width-small:100%;--awb-spacing-right-small:1.92%;--awb-spacing-left-small:1.92%;\"><div class=\"fusion-column-wrapper fusion-column-has-shadow fusion-flex-justify-content-flex-start fusion-content-layout-column\"><div class=\"fusion-separator fusion-full-width-sep\" style=\"align-self: center;margin-left: auto;margin-right: auto;margin-top:80px;margin-bottom:40px;width:100%;\"><\/div><\/div><\/div><\/div><\/div>\n<\/p>\n","protected":false},"excerpt":{"rendered":"","protected":false},"author":2,"featured_media":0,"parent":0,"menu_order":0,"comment_status":"open","ping_status":"open","template":"","meta":{"footnotes":""},"acf":[],"yoast_head":"<!-- This site is optimized with the Yoast SEO plugin v21.6 - https:\/\/yoast.com\/wordpress\/plugins\/seo\/ -->\n<title>WSPARCIE - CLOUDFLOW by HYBRID Software<\/title>\n<meta name=\"robots\" content=\"index, follow, max-snippet:-1, max-image-preview:large, max-video-preview:-1\" \/>\n<link rel=\"canonical\" href=\"https:\/\/cloudflow.hybridsoftware.com\/pl\/wsparcie\/\" \/>\n<meta property=\"og:locale\" content=\"pl_PL\" \/>\n<meta property=\"og:type\" content=\"article\" \/>\n<meta property=\"og:title\" content=\"WSPARCIE - CLOUDFLOW by HYBRID Software\" \/>\n<meta property=\"og:url\" content=\"https:\/\/cloudflow.hybridsoftware.com\/pl\/wsparcie\/\" \/>\n<meta property=\"og:site_name\" content=\"CLOUDFLOW by HYBRID Software\" \/>\n<meta property=\"article:modified_time\" content=\"2022-06-07T13:06:13+00:00\" \/>\n<meta name=\"twitter:card\" content=\"summary_large_image\" \/>\n<meta name=\"twitter:label1\" content=\"Szacowany czas czytania\" \/>\n\t<meta name=\"twitter:data1\" content=\"4 minuty\" \/>\n<script type=\"application\/ld+json\" class=\"yoast-schema-graph\">{\"@context\":\"https:\/\/schema.org\",\"@graph\":[{\"@type\":\"WebPage\",\"@id\":\"https:\/\/cloudflow.hybridsoftware.com\/pl\/wsparcie\/\",\"url\":\"https:\/\/cloudflow.hybridsoftware.com\/pl\/wsparcie\/\",\"name\":\"WSPARCIE - CLOUDFLOW by HYBRID Software\",\"isPartOf\":{\"@id\":\"https:\/\/cloudflow.hybridsoftware.com\/zh-hant\/#website\"},\"datePublished\":\"2017-07-05T22:00:00+00:00\",\"dateModified\":\"2022-06-07T13:06:13+00:00\",\"breadcrumb\":{\"@id\":\"https:\/\/cloudflow.hybridsoftware.com\/pl\/wsparcie\/#breadcrumb\"},\"inLanguage\":\"pl-PL\",\"potentialAction\":[{\"@type\":\"ReadAction\",\"target\":[\"https:\/\/cloudflow.hybridsoftware.com\/pl\/wsparcie\/\"]}]},{\"@type\":\"BreadcrumbList\",\"@id\":\"https:\/\/cloudflow.hybridsoftware.com\/pl\/wsparcie\/#breadcrumb\",\"itemListElement\":[{\"@type\":\"ListItem\",\"position\":1,\"name\":\"Startseite\",\"item\":\"https:\/\/cloudflow.hybridsoftware.com\/pl\/\"},{\"@type\":\"ListItem\",\"position\":2,\"name\":\"WSPARCIE\"}]},{\"@type\":\"WebSite\",\"@id\":\"https:\/\/cloudflow.hybridsoftware.com\/zh-hant\/#website\",\"url\":\"https:\/\/cloudflow.hybridsoftware.com\/zh-hant\/\",\"name\":\"CLOUDFLOW by HYBRID Software\",\"description\":\"ENTERPRISE WORKFLOW\",\"potentialAction\":[{\"@type\":\"SearchAction\",\"target\":{\"@type\":\"EntryPoint\",\"urlTemplate\":\"https:\/\/cloudflow.hybridsoftware.com\/zh-hant\/?s={search_term_string}\"},\"query-input\":\"required name=search_term_string\"}],\"inLanguage\":\"pl-PL\"}]}<\/script>\n<!-- \/ Yoast SEO plugin. -->","yoast_head_json":{"title":"WSPARCIE - CLOUDFLOW by HYBRID Software","robots":{"index":"index","follow":"follow","max-snippet":"max-snippet:-1","max-image-preview":"max-image-preview:large","max-video-preview":"max-video-preview:-1"},"canonical":"https:\/\/cloudflow.hybridsoftware.com\/pl\/wsparcie\/","og_locale":"pl_PL","og_type":"article","og_title":"WSPARCIE - CLOUDFLOW by HYBRID Software","og_url":"https:\/\/cloudflow.hybridsoftware.com\/pl\/wsparcie\/","og_site_name":"CLOUDFLOW by HYBRID Software","article_modified_time":"2022-06-07T13:06:13+00:00","twitter_card":"summary_large_image","twitter_misc":{"Szacowany czas czytania":"4 minuty"},"schema":{"@context":"https:\/\/schema.org","@graph":[{"@type":"WebPage","@id":"https:\/\/cloudflow.hybridsoftware.com\/pl\/wsparcie\/","url":"https:\/\/cloudflow.hybridsoftware.com\/pl\/wsparcie\/","name":"WSPARCIE - CLOUDFLOW by HYBRID Software","isPartOf":{"@id":"https:\/\/cloudflow.hybridsoftware.com\/zh-hant\/#website"},"datePublished":"2017-07-05T22:00:00+00:00","dateModified":"2022-06-07T13:06:13+00:00","breadcrumb":{"@id":"https:\/\/cloudflow.hybridsoftware.com\/pl\/wsparcie\/#breadcrumb"},"inLanguage":"pl-PL","potentialAction":[{"@type":"ReadAction","target":["https:\/\/cloudflow.hybridsoftware.com\/pl\/wsparcie\/"]}]},{"@type":"BreadcrumbList","@id":"https:\/\/cloudflow.hybridsoftware.com\/pl\/wsparcie\/#breadcrumb","itemListElement":[{"@type":"ListItem","position":1,"name":"Startseite","item":"https:\/\/cloudflow.hybridsoftware.com\/pl\/"},{"@type":"ListItem","position":2,"name":"WSPARCIE"}]},{"@type":"WebSite","@id":"https:\/\/cloudflow.hybridsoftware.com\/zh-hant\/#website","url":"https:\/\/cloudflow.hybridsoftware.com\/zh-hant\/","name":"CLOUDFLOW by HYBRID Software","description":"ENTERPRISE WORKFLOW","potentialAction":[{"@type":"SearchAction","target":{"@type":"EntryPoint","urlTemplate":"https:\/\/cloudflow.hybridsoftware.com\/zh-hant\/?s={search_term_string}"},"query-input":"required name=search_term_string"}],"inLanguage":"pl-PL"}]}},"_links":{"self":[{"href":"https:\/\/cloudflow.hybridsoftware.com\/pl\/wp-json\/wp\/v2\/pages\/23332"}],"collection":[{"href":"https:\/\/cloudflow.hybridsoftware.com\/pl\/wp-json\/wp\/v2\/pages"}],"about":[{"href":"https:\/\/cloudflow.hybridsoftware.com\/pl\/wp-json\/wp\/v2\/types\/page"}],"author":[{"embeddable":true,"href":"https:\/\/cloudflow.hybridsoftware.com\/pl\/wp-json\/wp\/v2\/users\/2"}],"replies":[{"embeddable":true,"href":"https:\/\/cloudflow.hybridsoftware.com\/pl\/wp-json\/wp\/v2\/comments?post=23332"}],"version-history":[{"count":4,"href":"https:\/\/cloudflow.hybridsoftware.com\/pl\/wp-json\/wp\/v2\/pages\/23332\/revisions"}],"predecessor-version":[{"id":23340,"href":"https:\/\/cloudflow.hybridsoftware.com\/pl\/wp-json\/wp\/v2\/pages\/23332\/revisions\/23340"}],"wp:attachment":[{"href":"https:\/\/cloudflow.hybridsoftware.com\/pl\/wp-json\/wp\/v2\/media?parent=23332"}],"curies":[{"name":"wp","href":"https:\/\/api.w.org\/{rel}","templated":true}]}}