{"id":19466,"date":"2017-07-06T00:00:00","date_gmt":"2017-07-05T22:00:00","guid":{"rendered":"https:\/\/cloudflow.hybridsoftware.com\/imprint\/"},"modified":"2022-12-16T17:16:08","modified_gmt":"2022-12-16T16:16:08","slug":"disclaimer","status":"publish","type":"page","link":"https:\/\/cloudflow.hybridsoftware.com\/cs\/disclaimer\/","title":{"rendered":"DISCLAIMER"},"content":{"rendered":"<p><div class=\"fusion-fullwidth fullwidth-box fusion-builder-row-1 nonhundred-percent-fullwidth non-hundred-percent-height-scrolling\" style=\"--awb-border-radius-top-left:0px;--awb-border-radius-top-right:0px;--awb-border-radius-bottom-right:0px;--awb-border-radius-bottom-left:0px;--awb-flex-wrap:wrap;\" ><div class=\"fusion-builder-row fusion-row\"><div class=\"fusion-layout-column fusion_builder_column fusion-builder-column-0 fusion_builder_column_1_1 1_1 fusion-one-full fusion-column-first fusion-column-last\" style=\"--awb-bg-size:cover;\"><div class=\"fusion-column-wrapper fusion-column-has-shadow fusion-flex-column-wrapper-legacy\"><div class=\"fusion-sep-clear\"><\/div><div class=\"fusion-separator fusion-full-width-sep\" style=\"margin-left: auto;margin-right: auto;margin-top:50px;margin-bottom:40px;width:100%;\"><\/div><div class=\"fusion-sep-clear\"><\/div><div class=\"fusion-clearfix\"><\/div><\/div><\/div><div class=\"fusion-layout-column fusion_builder_column fusion-builder-column-1 fusion_builder_column_1_4 1_4 fusion-one-fourth fusion-column-first\" style=\"--awb-bg-size:cover;width:25%;width:calc(25% - ( ( 4% ) * 0.25 ) );margin-right: 4%;\"><div class=\"fusion-column-wrapper fusion-column-has-shadow fusion-flex-column-wrapper-legacy\"><div class=\"fusion-sep-clear\"><\/div><div class=\"fusion-separator fusion-full-width-sep\" style=\"margin-left: auto;margin-right: auto;margin-top:6px;margin-bottom:6px;width:100%;\"><\/div><div class=\"fusion-sep-clear\"><\/div><div class=\"fusion-text fusion-text-1\"><p><strong>HYBRID Software Development NV<\/strong><br \/>\nGuldensporenpark 18<br \/>\n9820 Merelbeke<br \/>\nBelgium<\/p>\n<p>Tel. +32 9 329 57 53<br \/>\n<a href=\"mailto:info-eur@hybridsoftware.com\">info-eur@hybridsoftware.com<\/a><\/p>\n<p><strong>Managing Directors:<\/strong><br \/>\nGuido Van der Schueren<\/p>\n<p>Company Registration Number: 0889.922.639<\/p>\n<p><strong>Responsible for the content:<\/strong><br \/>\nChristopher Graf<\/p>\n<p><strong>Concept &amp; Design:<\/strong><br \/>\n<a title=\"GD90 Gestaltung Digital\" href=\"https:\/\/www.gd90.de\/\" target=\"_blank\" rel=\"noopener noreferrer\">www.gd90.de<br \/>\n<\/a><\/p>\n<p><strong>Development:<\/strong><br \/>\n<a title=\"Mr. Flow\" href=\"https:\/\/www.mrflow.de\" target=\"_blank\" rel=\"noopener noreferrer\">www.mrflow.de<\/a><\/p>\n<\/div><div class=\"fusion-clearfix\"><\/div><\/div><\/div><div class=\"fusion-layout-column fusion_builder_column fusion-builder-column-2 fusion_builder_column_3_4 3_4 fusion-three-fourth fusion-column-last\" style=\"--awb-bg-size:cover;width:75%;width:calc(75% - ( ( 4% ) * 0.75 ) );\"><div class=\"fusion-column-wrapper fusion-column-has-shadow fusion-flex-column-wrapper-legacy\"><div class=\"fusion-title title fusion-title-1 fusion-sep-none fusion-title-text fusion-title-size-two\"><h2 class=\"fusion-title-heading title-heading-left\" style=\"margin:0;\">Disclaimer<\/h2><\/div><div class=\"fusion-text fusion-text-2\"><p><strong>Information<\/strong><br \/>\nThe information contained on this website (hereinafter the \u201cInformation\u201d) is provided \u201cas is\u201d and has been compiled by HYBRID Software Development NV (hereinafter \u201cHYBRID\u201d) from sources believed to be reliable. The Information is made available without responsibility on the part of HYBRID whom neither assumes nor accepts any responsibility or liability (including for negligence) in relation thereto.<br \/>\nThe information available on or via our website is for general information purposes only. No rights can be derived from the information provided. Although we draft content with due care, we cannot exclude that some information may become obsolete, is incomplete or incorrect. Use of the Information is at the sole risk of the user. The Information (i) does not constitute an offer to sell or a solicitation of an offer to buy any of HYBRID\u2019s products or services and (ii) is not, intended for distribution to or use by any person or entity in any jurisdiction or country where such distribution would be contrary to local law or regulation.<\/p>\n<p><strong>Links and References<\/strong><br \/>\nThis website may contain links and other references to websites or media offered by third parties. HYBRID does not monitor such other websites or media and has no technical or content control over those websites. A link or reference to another website or any other media does not imply any connection, partnership, relationship or approval of those websites or their content. HYBRID further reserves the right to remove those links to sites representing activities inconsistent HYBRID\u2019s mission and policies, including but not limited to its Privacy Policy.<\/p>\n<p><strong>Trademark Notice<\/strong><br \/>\nAll registered and\/or unregistered trademarks and intellectual property rights related thereto and\/or service marks used or referred to in this website are owned by HYBRID and\/or its licensors.<\/p>\n<p><strong>Copyright Notice<\/strong><br \/>\nAll materials contained within this website are copyrighted except where explicitly noted otherwise.<\/p>\n<p><strong>Limitation of Liability and Disclaimers<\/strong><br \/>\nIN NO EVENT SHALL HYBRID OR ITS RELATED PERSONS (AS DEFINED BELOW) BE LIABLE TO ANY PARTY FOR ANY CLAIMS, LIABILITIES, LOSSES, COSTS OR DAMAGES, INCLUDING BUT NOT LIMITED TO ANY DIRECT, INDIRECT, SPECIAL, INCIDENTAL, OR CONSEQUENTIAL DAMAGES (\u201cDAMAGES\u201d) ARISING OUT OF OR IN CONNECTION WITH ANY ACCESS, USE (OR INABILITY TO USE) OR DISTRIBUTION OF THE SITE, INCLUDING DAMAGES CAUSED BY ANY FAILURE OF PERFORMANCE, ERROR, OMISSION, INTERRUPTION, DELETION, DEFECT, DELAY IN OPERATION OR TRANSMISSION, COMPUTER VIRUS, COMMUNICATION LINE FAILURE, THEFT, DESTRUCTION OR UNAUTHORIZED ACCESS TO, ALTERATION OF OR USE OF ANY ASSET, WHETHER FOR BREACH OF CONTRACT, TORTIOUS BEHAVIOR, NEGLIGENCE OR UNDER ANY OTHER CAUSE OF ACTION, OR ANY CONTENT OBTAINED THROUGH USE OF THE SITE. THIS IS TRUE EVEN IF HYBRID HAS BEEN ADVISED OF THE POSSIBILITY OF SUCH DAMAGES OR LOSSES.<\/p>\n<p>HYBRID, its affiliates and their respective officers, directors, managers, partners, members, shareholders, employees, affiliates and agents (collectively \u201cRelated Persons\u201d) make no representations or warranties and specifically disclaim any and all warranties of any kind, express or implied, with respect to the website, including any representations or warranties with respect to merchantability, fitness for a particular purpose, title, non-infringement, availability, security, accuracy, freedom from viruses or malware, completeness, timeliness, functionality, reliability, sequencing or speed of delivery.<\/p>\n<p>While HYBRID uses reasonable efforts to obtain information from reliable sources, HYBRID does not warrant that the information on this website is accurate, reliable, complete, or correct, or that this website will be available at any particular time or location. Such information or materials are provided \u201cas is\u201d and \u201cas available\u201d. Please be aware that there is no such thing as \u201cperfect security\u201d on the Internet, and third parties may unlawfully intercept or access transmissions or private communications, and accordingly electronic mail and other transmissions to and from the Website or made via the Website may not be secure.<\/p>\n<p><strong>Revision<\/strong><br \/>\nThis Disclaimer may be modified, without further notice, from time to time and such modification shall be effective upon posting on the website. We, therefore, advise you to review this Disclaimer regularly.<\/p>\n<p><strong>Reservation of Rights<\/strong><br \/>\nAny rights not expressly granted herein are reserved.<\/p>\n<p><strong>Governing Law and Forum<\/strong><br \/>\nThe laws of Belgium govern this Disclaimer. Any dispute relating to this or your use of the Website shall be resolved solely in the Courts of Ghent.<\/p>\n<p><small>Last updated: December 2022 &#8211; All rights reserved \u00a9 2022 HYBRID Software Development NV.<\/small><\/p>\n<\/div><div class=\"fusion-clearfix\"><\/div><\/div><\/div><\/div><\/div><div class=\"fusion-fullwidth fullwidth-box fusion-builder-row-2 fusion-flex-container nonhundred-percent-fullwidth non-hundred-percent-height-scrolling\" style=\"--awb-border-radius-top-left:0px;--awb-border-radius-top-right:0px;--awb-border-radius-bottom-right:0px;--awb-border-radius-bottom-left:0px;--awb-flex-wrap:wrap;\" ><div class=\"fusion-builder-row fusion-row fusion-flex-align-items-flex-start fusion-flex-content-wrap\" style=\"max-width:1248px;margin-left: calc(-4% \/ 2 );margin-right: calc(-4% \/ 2 );\"><div class=\"fusion-layout-column fusion_builder_column fusion-builder-column-3 fusion_builder_column_1_1 1_1 fusion-flex-column\" style=\"--awb-bg-size:cover;--awb-width-large:100%;--awb-margin-top-large:0px;--awb-spacing-right-large:1.92%;--awb-margin-bottom-large:20px;--awb-spacing-left-large:1.92%;--awb-width-medium:100%;--awb-spacing-right-medium:1.92%;--awb-spacing-left-medium:1.92%;--awb-width-small:100%;--awb-spacing-right-small:1.92%;--awb-spacing-left-small:1.92%;\"><div class=\"fusion-column-wrapper fusion-column-has-shadow fusion-flex-justify-content-flex-start fusion-content-layout-column\"><div class=\"fusion-separator fusion-full-width-sep\" style=\"align-self: center;margin-left: auto;margin-right: auto;margin-top:80px;margin-bottom:40px;width:100%;\"><\/div><\/div><\/div><\/div><\/div>\n<\/p>\n","protected":false},"excerpt":{"rendered":"","protected":false},"author":2,"featured_media":0,"parent":0,"menu_order":0,"comment_status":"open","ping_status":"open","template":"","meta":{"footnotes":""},"acf":[],"yoast_head":"<!-- This site is optimized with the Yoast SEO plugin v21.6 - https:\/\/yoast.com\/wordpress\/plugins\/seo\/ -->\n<title>DISCLAIMER - CLOUDFLOW by HYBRID Software<\/title>\n<meta name=\"robots\" content=\"index, follow, max-snippet:-1, max-image-preview:large, max-video-preview:-1\" \/>\n<link rel=\"canonical\" href=\"https:\/\/cloudflow.hybridsoftware.com\/cs\/disclaimer\/\" \/>\n<meta property=\"og:locale\" content=\"cs_CZ\" \/>\n<meta property=\"og:type\" content=\"article\" \/>\n<meta property=\"og:title\" content=\"DISCLAIMER - CLOUDFLOW by HYBRID Software\" \/>\n<meta property=\"og:url\" content=\"https:\/\/cloudflow.hybridsoftware.com\/cs\/disclaimer\/\" \/>\n<meta property=\"og:site_name\" content=\"CLOUDFLOW by HYBRID Software\" \/>\n<meta property=\"article:modified_time\" content=\"2022-12-16T16:16:08+00:00\" \/>\n<meta name=\"twitter:card\" content=\"summary_large_image\" \/>\n<meta name=\"twitter:label1\" content=\"Odhadovan\u00e1 doba \u010dten\u00ed\" \/>\n\t<meta name=\"twitter:data1\" content=\"7 minut\" \/>\n<script type=\"application\/ld+json\" class=\"yoast-schema-graph\">{\"@context\":\"https:\/\/schema.org\",\"@graph\":[{\"@type\":\"WebPage\",\"@id\":\"https:\/\/cloudflow.hybridsoftware.com\/cs\/disclaimer\/\",\"url\":\"https:\/\/cloudflow.hybridsoftware.com\/cs\/disclaimer\/\",\"name\":\"DISCLAIMER - CLOUDFLOW by HYBRID Software\",\"isPartOf\":{\"@id\":\"https:\/\/cloudflow.hybridsoftware.com\/zh-hant\/#website\"},\"datePublished\":\"2017-07-05T22:00:00+00:00\",\"dateModified\":\"2022-12-16T16:16:08+00:00\",\"breadcrumb\":{\"@id\":\"https:\/\/cloudflow.hybridsoftware.com\/cs\/disclaimer\/#breadcrumb\"},\"inLanguage\":\"cs\",\"potentialAction\":[{\"@type\":\"ReadAction\",\"target\":[\"https:\/\/cloudflow.hybridsoftware.com\/cs\/disclaimer\/\"]}]},{\"@type\":\"BreadcrumbList\",\"@id\":\"https:\/\/cloudflow.hybridsoftware.com\/cs\/disclaimer\/#breadcrumb\",\"itemListElement\":[{\"@type\":\"ListItem\",\"position\":1,\"name\":\"Startseite\",\"item\":\"https:\/\/cloudflow.hybridsoftware.com\/cs\/\"},{\"@type\":\"ListItem\",\"position\":2,\"name\":\"DISCLAIMER\"}]},{\"@type\":\"WebSite\",\"@id\":\"https:\/\/cloudflow.hybridsoftware.com\/zh-hant\/#website\",\"url\":\"https:\/\/cloudflow.hybridsoftware.com\/zh-hant\/\",\"name\":\"CLOUDFLOW by HYBRID Software\",\"description\":\"ENTERPRISE WORKFLOW\",\"potentialAction\":[{\"@type\":\"SearchAction\",\"target\":{\"@type\":\"EntryPoint\",\"urlTemplate\":\"https:\/\/cloudflow.hybridsoftware.com\/zh-hant\/?s={search_term_string}\"},\"query-input\":\"required name=search_term_string\"}],\"inLanguage\":\"cs\"}]}<\/script>\n<!-- \/ Yoast SEO plugin. -->","yoast_head_json":{"title":"DISCLAIMER - CLOUDFLOW by HYBRID Software","robots":{"index":"index","follow":"follow","max-snippet":"max-snippet:-1","max-image-preview":"max-image-preview:large","max-video-preview":"max-video-preview:-1"},"canonical":"https:\/\/cloudflow.hybridsoftware.com\/cs\/disclaimer\/","og_locale":"cs_CZ","og_type":"article","og_title":"DISCLAIMER - CLOUDFLOW by HYBRID Software","og_url":"https:\/\/cloudflow.hybridsoftware.com\/cs\/disclaimer\/","og_site_name":"CLOUDFLOW by HYBRID Software","article_modified_time":"2022-12-16T16:16:08+00:00","twitter_card":"summary_large_image","twitter_misc":{"Odhadovan\u00e1 doba \u010dten\u00ed":"7 minut"},"schema":{"@context":"https:\/\/schema.org","@graph":[{"@type":"WebPage","@id":"https:\/\/cloudflow.hybridsoftware.com\/cs\/disclaimer\/","url":"https:\/\/cloudflow.hybridsoftware.com\/cs\/disclaimer\/","name":"DISCLAIMER - CLOUDFLOW by HYBRID Software","isPartOf":{"@id":"https:\/\/cloudflow.hybridsoftware.com\/zh-hant\/#website"},"datePublished":"2017-07-05T22:00:00+00:00","dateModified":"2022-12-16T16:16:08+00:00","breadcrumb":{"@id":"https:\/\/cloudflow.hybridsoftware.com\/cs\/disclaimer\/#breadcrumb"},"inLanguage":"cs","potentialAction":[{"@type":"ReadAction","target":["https:\/\/cloudflow.hybridsoftware.com\/cs\/disclaimer\/"]}]},{"@type":"BreadcrumbList","@id":"https:\/\/cloudflow.hybridsoftware.com\/cs\/disclaimer\/#breadcrumb","itemListElement":[{"@type":"ListItem","position":1,"name":"Startseite","item":"https:\/\/cloudflow.hybridsoftware.com\/cs\/"},{"@type":"ListItem","position":2,"name":"DISCLAIMER"}]},{"@type":"WebSite","@id":"https:\/\/cloudflow.hybridsoftware.com\/zh-hant\/#website","url":"https:\/\/cloudflow.hybridsoftware.com\/zh-hant\/","name":"CLOUDFLOW by HYBRID Software","description":"ENTERPRISE WORKFLOW","potentialAction":[{"@type":"SearchAction","target":{"@type":"EntryPoint","urlTemplate":"https:\/\/cloudflow.hybridsoftware.com\/zh-hant\/?s={search_term_string}"},"query-input":"required name=search_term_string"}],"inLanguage":"cs"}]}},"_links":{"self":[{"href":"https:\/\/cloudflow.hybridsoftware.com\/cs\/wp-json\/wp\/v2\/pages\/19466"}],"collection":[{"href":"https:\/\/cloudflow.hybridsoftware.com\/cs\/wp-json\/wp\/v2\/pages"}],"about":[{"href":"https:\/\/cloudflow.hybridsoftware.com\/cs\/wp-json\/wp\/v2\/types\/page"}],"author":[{"embeddable":true,"href":"https:\/\/cloudflow.hybridsoftware.com\/cs\/wp-json\/wp\/v2\/users\/2"}],"replies":[{"embeddable":true,"href":"https:\/\/cloudflow.hybridsoftware.com\/cs\/wp-json\/wp\/v2\/comments?post=19466"}],"version-history":[{"count":8,"href":"https:\/\/cloudflow.hybridsoftware.com\/cs\/wp-json\/wp\/v2\/pages\/19466\/revisions"}],"predecessor-version":[{"id":23451,"href":"https:\/\/cloudflow.hybridsoftware.com\/cs\/wp-json\/wp\/v2\/pages\/19466\/revisions\/23451"}],"wp:attachment":[{"href":"https:\/\/cloudflow.hybridsoftware.com\/cs\/wp-json\/wp\/v2\/media?parent=19466"}],"curies":[{"name":"wp","href":"https:\/\/api.w.org\/{rel}","templated":true}]}}