{"id":19209,"date":"2017-07-06T00:00:00","date_gmt":"2017-07-05T22:00:00","guid":{"rendered":"https:\/\/cloudflow.hybridsoftware.com\/kontakt\/"},"modified":"2022-02-11T11:35:02","modified_gmt":"2022-02-11T10:35:02","slug":"contact","status":"publish","type":"page","link":"https:\/\/cloudflow.hybridsoftware.com\/cs\/contact\/","title":{"rendered":"Kontakty"},"content":{"rendered":"<p><div class=\"fusion-fullwidth fullwidth-box fusion-builder-row-1 nonhundred-percent-fullwidth non-hundred-percent-height-scrolling\" style=\"--awb-border-radius-top-left:0px;--awb-border-radius-top-right:0px;--awb-border-radius-bottom-right:0px;--awb-border-radius-bottom-left:0px;--awb-flex-wrap:wrap;\" ><div class=\"fusion-builder-row fusion-row\"><div class=\"fusion-layout-column fusion_builder_column fusion-builder-column-0 fusion_builder_column_1_1 1_1 fusion-one-full fusion-column-first fusion-column-last\" style=\"--awb-bg-size:cover;\"><div class=\"fusion-column-wrapper fusion-column-has-shadow fusion-flex-column-wrapper-legacy\"><div class=\"fusion-title title fusion-title-1 fusion-sep-none fusion-title-center fusion-title-text fusion-title-size-one\" style=\"--awb-margin-top:80px;\"><h1 class=\"fusion-title-heading title-heading-center\" style=\"margin:0;\">SPOJTE SE S N\u00c1MI<\/h1><\/div><div class=\"fusion-clearfix\"><\/div><\/div><\/div><\/div><\/div><div class=\"fusion-fullwidth fullwidth-box fusion-builder-row-2 nonhundred-percent-fullwidth non-hundred-percent-height-scrolling\" style=\"--awb-border-radius-top-left:0px;--awb-border-radius-top-right:0px;--awb-border-radius-bottom-right:0px;--awb-border-radius-bottom-left:0px;--awb-flex-wrap:wrap;\" ><div class=\"fusion-builder-row fusion-row\"><div class=\"fusion-layout-column fusion_builder_column fusion-builder-column-1 fusion_builder_column_1_1 1_1 fusion-one-full fusion-column-first fusion-column-last\" style=\"--awb-bg-size:cover;\"><div class=\"fusion-column-wrapper fusion-column-has-shadow fusion-flex-column-wrapper-legacy\"><div class=\"fusion-text fusion-text-1\">\n<div class=\"wpcf7 no-js\" id=\"wpcf7-f11674-o1\" lang=\"en-US\" dir=\"ltr\">\n<div class=\"screen-reader-response\"><p role=\"status\" aria-live=\"polite\" aria-atomic=\"true\"><\/p> <ul><\/ul><\/div>\n<form action=\"\/cs\/wp-json\/wp\/v2\/pages\/19209#wpcf7-f11674-o1\" method=\"post\" class=\"wpcf7-form init\" aria-label=\"Contact form\" novalidate=\"novalidate\" data-status=\"init\">\n<div style=\"display: none;\">\n<input type=\"hidden\" name=\"_wpcf7\" value=\"11674\" \/>\n<input type=\"hidden\" name=\"_wpcf7_version\" value=\"5.8.3\" \/>\n<input type=\"hidden\" name=\"_wpcf7_locale\" value=\"en_US\" \/>\n<input type=\"hidden\" name=\"_wpcf7_unit_tag\" value=\"wpcf7-f11674-o1\" \/>\n<input type=\"hidden\" name=\"_wpcf7_container_post\" value=\"0\" \/>\n<input type=\"hidden\" name=\"_wpcf7_posted_data_hash\" value=\"\" \/>\n<input type=\"hidden\" name=\"_wpcf7_recaptcha_response\" value=\"\" \/>\n<\/div>\n<div class=\"contact-left\">\n\t<div class=\"col-sm-12\">\n\t\t<div class=\"col-sm-6\">\n\t\t\t<p><label>Titul* <span class=\"wpcf7-form-control-wrap\" data-name=\"title\"><input size=\"40\" class=\"wpcf7-form-control wpcf7-text wpcf7-validates-as-required full\" aria-required=\"true\" aria-invalid=\"false\" value=\"\" type=\"text\" name=\"title\" \/><\/span> <\/label>\n\t\t\t<\/p>\n\t\t<\/div>\n\t\t<div class=\"col-sm-6\">\n\t\t\t<p>&nbsp;&nbsp;\n\t\t\t<\/p>\n\t\t<\/div>\n\t<\/div>\n\t<div class=\"col-sm-12\">\n\t\t<div class=\"col-sm-6\">\n\t\t\t<p><label>P\u0159\u00edjmen\u00ed * <span class=\"wpcf7-form-control-wrap\" data-name=\"last\"><input size=\"40\" class=\"wpcf7-form-control wpcf7-text wpcf7-validates-as-required full\" aria-required=\"true\" aria-invalid=\"false\" value=\"\" type=\"text\" name=\"last\" \/><\/span> <\/label>\n\t\t\t<\/p>\n\t\t<\/div>\n\t\t<div class=\"col-sm-6\">\n\t\t\t<p><label>Jm\u00e9no* <span class=\"wpcf7-form-control-wrap\" data-name=\"first\"><input size=\"40\" class=\"wpcf7-form-control wpcf7-text wpcf7-validates-as-required full\" aria-required=\"true\" aria-invalid=\"false\" value=\"\" type=\"text\" name=\"first\" \/><\/span> <\/label>\n\t\t\t<\/p>\n\t\t<\/div>\n\t<\/div>\n\t<div class=\"col-sm-12\">\n\t\t<div class=\"col-sm-6\">\n\t\t\t<p><label>Email* <span class=\"wpcf7-form-control-wrap\" data-name=\"email\"><input size=\"40\" class=\"wpcf7-form-control wpcf7-email wpcf7-validates-as-required wpcf7-text wpcf7-validates-as-email full\" aria-required=\"true\" aria-invalid=\"false\" value=\"\" type=\"email\" name=\"email\" \/><\/span> <\/label>\n\t\t\t<\/p>\n\t\t<\/div>\n\t\t<div class=\"col-sm-6\">\n\t\t\t<p><label>St\u00e1t <span class=\"wpcf7-form-control-wrap\" data-name=\"country\"><input size=\"40\" class=\"wpcf7-form-control wpcf7-text full\" aria-invalid=\"false\" value=\"\" type=\"text\" name=\"country\" \/><\/span> <\/label>\n\t\t\t<\/p>\n\t\t<\/div>\n\t<\/div>\n\t<div class=\"col-sm-12\">\n\t\t<div class=\"col-sm-12\">\n\t\t\t<p><label>P\u0159edm\u011bt \/ Reference <span class=\"wpcf7-form-control-wrap\" data-name=\"subject\"><input size=\"40\" class=\"wpcf7-form-control wpcf7-text full\" aria-invalid=\"false\" value=\"\" type=\"text\" name=\"subject\" \/><\/span> <\/label>\n\t\t\t<\/p>\n\t\t<\/div>\n\t\t<div class=\"col-sm-12\">\n\t\t\t<p><label>Zpr\u00e1va <span class=\"wpcf7-form-control-wrap\" data-name=\"message\"><textarea cols=\"40\" rows=\"10\" class=\"wpcf7-form-control wpcf7-textarea full\" aria-invalid=\"false\" name=\"message\"><\/textarea><\/span> <\/label>\n\t\t\t<\/p>\n\t\t\t<div>\n\t\t\t<\/div>\n\t\t\t<p>&nbsp;\n\t\t\t<\/p>\n\t\t\t<div class=\"col-sm-12\">\n\t\t\t\t<p><span id=\"wpcf7-69f430850ec80-wrapper\" class=\"wpcf7-form-control-wrap aTg875fCr-wrap\" style=\"display:none !important; visibility:hidden !important;\"><label for=\"wpcf7-69f430850ec80-field\" class=\"hp-message\">Please leave this field empty.<\/label><input id=\"wpcf7-69f430850ec80-field\"  class=\"wpcf7-form-control wpcf7-text\" type=\"text\" name=\"aTg875fCr\" value=\"\" size=\"40\" tabindex=\"-1\" autocomplete=\"new-password\" \/><\/span>\n\t\t\t\t<span class=\"wpcf7-form-control-wrap\" data-name=\"ApprovalDeclarationofConsent\"><span class=\"wpcf7-form-control wpcf7-acceptance\"><span class=\"wpcf7-list-item\"><label><input type=\"checkbox\" name=\"ApprovalDeclarationofConsent\" value=\"1\" aria-invalid=\"false\" \/><span class=\"wpcf7-list-item-label\">Potvr\u010fte pros\u00edm n\u00e1sleduj\u00edc\u00ed podm\u00ednky: Souhlas\u00edte s t\u00edm, \u017ee va\u0161e \u00fadaje budou firmou HYBRID Software pou\u017eity k vy\u0159\u00edzen\u00ed Va\u0161\u00ed \u017e\u00e1dosti, a budou ulo\u017eeny a\u017e do odvol\u00e1n\u00ed. Va\u0161e \u00fadaje nebudou sd\u00edleny s t\u0159et\u00edmi stranami. Dal\u0161\u00ed informace naleznete v <a href=\"https:\/\/cloudflow.hybridsoftware.com\/cs\/pravni-ustanoveni\/\" title=\"prohl\u00e1\u0161en\u00ed o ochran\u011b \u00fadaj\u016f\" target=\"_self\">prohl\u00e1\u0161en\u00ed o ochran\u011b \u00fadaj\u016f<\/a>.<\/span><\/label><\/span><\/span><\/span>\n\t\t\t\t\n\t\t\t\t<\/p>\n\t\t\t\t<div style=\"margin: 0 auto;width: 120px;\">\n\t\t\t\t\t<p><input class=\"wpcf7-form-control wpcf7-submit has-spinner\" type=\"submit\" value=\"Send\" \/>\n\t\t\t\t\t<\/p>\n\t\t\t\t<\/div>\n\t\t\t<\/div>\n\t\t<\/div>\n\t<\/div>\n<\/div><div class=\"fusion-alert alert custom alert-custom fusion-alert-center wpcf7-response-output fusion-alert-capitalize awb-alert-native-link-color alert-dismissable awb-alert-close-boxed\" style=\"--awb-border-size:1px;--awb-border-top-left-radius:0px;--awb-border-top-right-radius:0px;--awb-border-bottom-left-radius:0px;--awb-border-bottom-right-radius:0px;\" role=\"alert\"><div class=\"fusion-alert-content-wrapper\"><span class=\"fusion-alert-content\"><\/span><\/div><button type=\"button\" class=\"close toggle-alert\" data-dismiss=\"alert\" aria-label=\"Close\">&times;<\/button><\/div>\n<\/form>\n<\/div>\n\n<\/div><div class=\"fusion-sep-clear\"><\/div><div class=\"fusion-separator fusion-full-width-sep\" style=\"margin-left: auto;margin-right: auto;margin-top:15px;margin-bottom:15px;width:100%;\"><\/div><div class=\"fusion-sep-clear\"><\/div><div class=\"backto\"><a class=\"back\">> zp\u011bt <\/a><\/div><div class=\"fusion-sep-clear\"><\/div><div class=\"fusion-separator fusion-full-width-sep\" style=\"margin-left: auto;margin-right: auto;margin-top:25px;margin-bottom:25px;width:100%;\"><\/div><div class=\"fusion-sep-clear\"><\/div><div class=\"fusion-clearfix\"><\/div><\/div><\/div><\/div><\/div><\/p>\n","protected":false},"excerpt":{"rendered":"","protected":false},"author":2,"featured_media":0,"parent":0,"menu_order":0,"comment_status":"open","ping_status":"open","template":"","meta":{"footnotes":""},"acf":[],"yoast_head":"<!-- This site is optimized with the Yoast SEO plugin v21.6 - https:\/\/yoast.com\/wordpress\/plugins\/seo\/ -->\n<title>Kontakty - CLOUDFLOW by HYBRID Software<\/title>\n<meta name=\"robots\" content=\"index, follow, max-snippet:-1, max-image-preview:large, max-video-preview:-1\" \/>\n<link rel=\"canonical\" href=\"https:\/\/cloudflow.hybridsoftware.com\/cs\/contact\/\" \/>\n<meta property=\"og:locale\" content=\"cs_CZ\" \/>\n<meta property=\"og:type\" content=\"article\" \/>\n<meta property=\"og:title\" content=\"Kontakty - CLOUDFLOW by HYBRID Software\" \/>\n<meta property=\"og:url\" content=\"https:\/\/cloudflow.hybridsoftware.com\/cs\/contact\/\" \/>\n<meta property=\"og:site_name\" content=\"CLOUDFLOW by HYBRID Software\" \/>\n<meta property=\"article:modified_time\" content=\"2022-02-11T10:35:02+00:00\" \/>\n<meta name=\"twitter:card\" content=\"summary_large_image\" \/>\n<meta name=\"twitter:label1\" content=\"Odhadovan\u00e1 doba \u010dten\u00ed\" \/>\n\t<meta name=\"twitter:data1\" content=\"3 minuty\" \/>\n<script type=\"application\/ld+json\" class=\"yoast-schema-graph\">{\"@context\":\"https:\/\/schema.org\",\"@graph\":[{\"@type\":\"WebPage\",\"@id\":\"https:\/\/cloudflow.hybridsoftware.com\/cs\/contact\/\",\"url\":\"https:\/\/cloudflow.hybridsoftware.com\/cs\/contact\/\",\"name\":\"Kontakty - CLOUDFLOW by HYBRID Software\",\"isPartOf\":{\"@id\":\"https:\/\/cloudflow.hybridsoftware.com\/zh-hant\/#website\"},\"datePublished\":\"2017-07-05T22:00:00+00:00\",\"dateModified\":\"2022-02-11T10:35:02+00:00\",\"breadcrumb\":{\"@id\":\"https:\/\/cloudflow.hybridsoftware.com\/cs\/contact\/#breadcrumb\"},\"inLanguage\":\"cs\",\"potentialAction\":[{\"@type\":\"ReadAction\",\"target\":[\"https:\/\/cloudflow.hybridsoftware.com\/cs\/contact\/\"]}]},{\"@type\":\"BreadcrumbList\",\"@id\":\"https:\/\/cloudflow.hybridsoftware.com\/cs\/contact\/#breadcrumb\",\"itemListElement\":[{\"@type\":\"ListItem\",\"position\":1,\"name\":\"Startseite\",\"item\":\"https:\/\/cloudflow.hybridsoftware.com\/cs\/\"},{\"@type\":\"ListItem\",\"position\":2,\"name\":\"Kontakty\"}]},{\"@type\":\"WebSite\",\"@id\":\"https:\/\/cloudflow.hybridsoftware.com\/zh-hant\/#website\",\"url\":\"https:\/\/cloudflow.hybridsoftware.com\/zh-hant\/\",\"name\":\"CLOUDFLOW by HYBRID Software\",\"description\":\"ENTERPRISE WORKFLOW\",\"potentialAction\":[{\"@type\":\"SearchAction\",\"target\":{\"@type\":\"EntryPoint\",\"urlTemplate\":\"https:\/\/cloudflow.hybridsoftware.com\/zh-hant\/?s={search_term_string}\"},\"query-input\":\"required name=search_term_string\"}],\"inLanguage\":\"cs\"}]}<\/script>\n<!-- \/ Yoast SEO plugin. -->","yoast_head_json":{"title":"Kontakty - CLOUDFLOW by HYBRID Software","robots":{"index":"index","follow":"follow","max-snippet":"max-snippet:-1","max-image-preview":"max-image-preview:large","max-video-preview":"max-video-preview:-1"},"canonical":"https:\/\/cloudflow.hybridsoftware.com\/cs\/contact\/","og_locale":"cs_CZ","og_type":"article","og_title":"Kontakty - CLOUDFLOW by HYBRID Software","og_url":"https:\/\/cloudflow.hybridsoftware.com\/cs\/contact\/","og_site_name":"CLOUDFLOW by HYBRID Software","article_modified_time":"2022-02-11T10:35:02+00:00","twitter_card":"summary_large_image","twitter_misc":{"Odhadovan\u00e1 doba \u010dten\u00ed":"3 minuty"},"schema":{"@context":"https:\/\/schema.org","@graph":[{"@type":"WebPage","@id":"https:\/\/cloudflow.hybridsoftware.com\/cs\/contact\/","url":"https:\/\/cloudflow.hybridsoftware.com\/cs\/contact\/","name":"Kontakty - CLOUDFLOW by HYBRID Software","isPartOf":{"@id":"https:\/\/cloudflow.hybridsoftware.com\/zh-hant\/#website"},"datePublished":"2017-07-05T22:00:00+00:00","dateModified":"2022-02-11T10:35:02+00:00","breadcrumb":{"@id":"https:\/\/cloudflow.hybridsoftware.com\/cs\/contact\/#breadcrumb"},"inLanguage":"cs","potentialAction":[{"@type":"ReadAction","target":["https:\/\/cloudflow.hybridsoftware.com\/cs\/contact\/"]}]},{"@type":"BreadcrumbList","@id":"https:\/\/cloudflow.hybridsoftware.com\/cs\/contact\/#breadcrumb","itemListElement":[{"@type":"ListItem","position":1,"name":"Startseite","item":"https:\/\/cloudflow.hybridsoftware.com\/cs\/"},{"@type":"ListItem","position":2,"name":"Kontakty"}]},{"@type":"WebSite","@id":"https:\/\/cloudflow.hybridsoftware.com\/zh-hant\/#website","url":"https:\/\/cloudflow.hybridsoftware.com\/zh-hant\/","name":"CLOUDFLOW by HYBRID Software","description":"ENTERPRISE WORKFLOW","potentialAction":[{"@type":"SearchAction","target":{"@type":"EntryPoint","urlTemplate":"https:\/\/cloudflow.hybridsoftware.com\/zh-hant\/?s={search_term_string}"},"query-input":"required name=search_term_string"}],"inLanguage":"cs"}]}},"_links":{"self":[{"href":"https:\/\/cloudflow.hybridsoftware.com\/cs\/wp-json\/wp\/v2\/pages\/19209"}],"collection":[{"href":"https:\/\/cloudflow.hybridsoftware.com\/cs\/wp-json\/wp\/v2\/pages"}],"about":[{"href":"https:\/\/cloudflow.hybridsoftware.com\/cs\/wp-json\/wp\/v2\/types\/page"}],"author":[{"embeddable":true,"href":"https:\/\/cloudflow.hybridsoftware.com\/cs\/wp-json\/wp\/v2\/users\/2"}],"replies":[{"embeddable":true,"href":"https:\/\/cloudflow.hybridsoftware.com\/cs\/wp-json\/wp\/v2\/comments?post=19209"}],"version-history":[{"count":6,"href":"https:\/\/cloudflow.hybridsoftware.com\/cs\/wp-json\/wp\/v2\/pages\/19209\/revisions"}],"predecessor-version":[{"id":21510,"href":"https:\/\/cloudflow.hybridsoftware.com\/cs\/wp-json\/wp\/v2\/pages\/19209\/revisions\/21510"}],"wp:attachment":[{"href":"https:\/\/cloudflow.hybridsoftware.com\/cs\/wp-json\/wp\/v2\/media?parent=19209"}],"curies":[{"name":"wp","href":"https:\/\/api.w.org\/{rel}","templated":true}]}}