{"id":19163,"date":"2017-07-12T00:00:00","date_gmt":"2017-07-11T22:00:00","guid":{"rendered":"https:\/\/cloudflow.hybridsoftware.com\/cloudflow-concepts\/"},"modified":"2019-07-22T19:09:01","modified_gmt":"2019-07-22T17:09:01","slug":"cloudflow-concepts","status":"publish","type":"page","link":"https:\/\/cloudflow.hybridsoftware.com\/cs\/cloudflow-concepts\/","title":{"rendered":"KONCEPTY CLOUDFLOW"},"content":{"rendered":"<p><div id=\"modulararchitecture\" class=\"fusion-container-anchor\"><div class=\"fusion-fullwidth fullwidth-box fusion-builder-row-1 nonhundred-percent-fullwidth non-hundred-percent-height-scrolling\" style=\"--awb-border-radius-top-left:0px;--awb-border-radius-top-right:0px;--awb-border-radius-bottom-right:0px;--awb-border-radius-bottom-left:0px;--awb-flex-wrap:wrap;\" ><div class=\"fusion-builder-row fusion-row\"><div class=\"fusion-layout-column fusion_builder_column fusion-builder-column-0 fusion_builder_column_1_1 1_1 fusion-one-full fusion-column-first fusion-column-last\" style=\"--awb-bg-size:cover;\"><div class=\"fusion-column-wrapper fusion-column-has-shadow fusion-flex-column-wrapper-legacy\"><div class=\"fusion-sep-clear\"><\/div><div class=\"fusion-separator fusion-full-width-sep\" style=\"margin-left: auto;margin-right: auto;margin-top:40px;margin-bottom:40px;width:100%;\"><\/div><div class=\"fusion-sep-clear\"><\/div><div class=\"fusion-clearfix\"><\/div><\/div><\/div><div class=\"fusion-layout-column fusion_builder_column fusion-builder-column-1 fusion_builder_column_1_1 1_1 fusion-one-full fusion-column-first fusion-column-last\" style=\"--awb-bg-size:cover;--awb-margin-bottom:0px;\"><div class=\"fusion-column-wrapper fusion-flex-column-wrapper-legacy\"><div class=\"fusion-title title fusion-title-1 fusion-sep-none fusion-title-text fusion-title-size-three\" style=\"--awb-margin-bottom:15px;\"><h3 class=\"fusion-title-heading title-heading-left\" style=\"margin:0;\">Modul\u00e1rn\u00ed architektura<\/h3><\/div><div class=\"fusion-clearfix\"><\/div><\/div><\/div><div class=\"fusion-layout-column fusion_builder_column fusion-builder-column-2 fusion_builder_column_1_3 1_3 fusion-one-third fusion-column-first\" style=\"--awb-bg-size:cover;width:33.333333333333%;width:calc(33.333333333333% - ( ( 25px + 35px ) * 0.33333333333333 ) );margin-right: 25px;\"><div class=\"fusion-column-wrapper fusion-column-has-shadow fusion-flex-column-wrapper-legacy\"><div class=\"fusion-text fusion-text-1\"><p>Modul\u00e1rnost a \u0161k\u00e1lovatelnost jsou z\u00e1kladn\u00ed charakteristiky CLOUDFLOW. Je mo\u017en\u00e9 p\u0159id\u00e1vat a kombinovat rozmanitou \u0159adu modul\u016f pro soft proofing, automatizaci prepressu, RIPov\u00e1n\u00ed, rastrov\u00e1n\u00ed, spr\u00e1vu zak\u00e1zek a objedn\u00e1vek, a \u0159adu dal\u0161\u00edch.<\/p>\n<p>Spojen\u00edm v\u00edce Workspace lze vytvo\u0159it cluster, co\u017e umo\u017e\u0148uje zv\u00fd\u0161it v\u00fdpo\u010detn\u00ed v\u00fdkon, dostupnost a konfigurace s v\u00edce pobo\u010dkami.<\/p>\n<\/div><div class=\"fusion-clearfix\"><\/div><\/div><\/div><div class=\"fusion-layout-column fusion_builder_column fusion-builder-column-3 fusion_builder_column_1_3 1_3 fusion-one-third\" style=\"--awb-padding-right:0px;--awb-bg-size:cover;width:33.333333333333%;width:calc(33.333333333333% - ( ( 25px + 35px ) * 0.33333333333333 ) );margin-right: 35px;\"><div class=\"fusion-column-wrapper fusion-column-has-shadow fusion-flex-column-wrapper-legacy\"><div class=\"fusion-text fusion-text-2\"><p>V\u00fdkonn\u00e1 technologie CLOUDFLOW Share propojuje Workspace p\u0159es Internet pro v\u00fdm\u011bnu a synchronizaci soubor\u016f, dat a licenc\u00ed aby se optimalizovalo jejich vyu\u017eit\u00ed.<\/p>\n<\/div><a class=\"button-more\" href=\"\/cs\/#modulararchitecture\">zp\u011bt \u2026<\/a><div class=\"fusion-sep-clear\"><\/div><div class=\"fusion-separator fusion-full-width-sep\" style=\"margin-left: auto;margin-right: auto;margin-top:10px;margin-bottom:10px;width:100%;\"><\/div><div class=\"fusion-sep-clear\"><\/div><strong class=\"readmore\">\n<small>V\u00edce o tomto t\u00e9matu:<\/small>\n<\/strong>\n<div class=\"movie-icons\">\n<a href=\"\/cs\/cloudflow-modules\/cloudflow-modules\/\"><span class=\"ion-ios-arrow-right\">\u00a0<\/span> P\u0159ehled modul\u016f<\/a><br>\n<a href=\"\/cs\/cloudflow-concepts\/#industry40\"><span class=\"ion-ios-arrow-right\">\u00a0<\/span> Pr\u016fmysl 4.0<\/a>\n<\/div><div class=\"fusion-clearfix\"><\/div><\/div><\/div><div class=\"fusion-layout-column fusion_builder_column fusion-builder-column-4 fusion_builder_column_1_3 1_3 fusion-one-third fusion-column-last\" style=\"--awb-bg-size:cover;width:33.333333333333%;width:calc(33.333333333333% - ( ( 25px + 35px ) * 0.33333333333333 ) );\"><div class=\"fusion-column-wrapper fusion-column-has-shadow fusion-flex-column-wrapper-legacy\"><div class=\"fusion-image-element in-legacy-container\" style=\"--awb-caption-title-font-family:var(--h2_typography-font-family);--awb-caption-title-font-weight:var(--h2_typography-font-weight);--awb-caption-title-font-style:var(--h2_typography-font-style);--awb-caption-title-size:var(--h2_typography-font-size);--awb-caption-title-transform:var(--h2_typography-text-transform);--awb-caption-title-line-height:var(--h2_typography-line-height);--awb-caption-title-letter-spacing:var(--h2_typography-letter-spacing);\"><span class=\" fusion-imageframe imageframe-none imageframe-1 hover-type-none\"><a href=\"https:\/\/cloudflow.hybridsoftware.com\/wp-content\/uploads\/2019\/07\/FIN_MODULAR-ARCHITECTURE_01_1200.jpg\" class=\"fusion-lightbox\" data-rel=\"iLightbox[modul]\" data-title=\"FIN_MODULAR-ARCHITECTURE_01_1200\" title=\"FIN_MODULAR-ARCHITECTURE_01_370\"><img decoding=\"async\" width=\"370\" height=\"354\" alt=\"FIN MODULAR ARCHITECTURE 01 1200\" src=\"https:\/\/cloudflow.hybridsoftware.com\/wp-content\/uploads\/2019\/07\/FIN_MODULAR-ARCHITECTURE_01_370.jpg\" class=\"img-responsive wp-image-18130\" srcset=\"https:\/\/cloudflow.hybridsoftware.com\/wp-content\/uploads\/2019\/07\/FIN_MODULAR-ARCHITECTURE_01_370-200x191.jpg 200w, https:\/\/cloudflow.hybridsoftware.com\/wp-content\/uploads\/2019\/07\/FIN_MODULAR-ARCHITECTURE_01_370.jpg 370w\" sizes=\"(max-width: 800px) 100vw, 370px\" \/><\/a><\/span><\/div><div class=\"fusion-clearfix\"><\/div><\/div><\/div><\/div><\/div><\/div><div class=\"fusion-fullwidth fullwidth-box fusion-builder-row-2 nonhundred-percent-fullwidth non-hundred-percent-height-scrolling\" style=\"--awb-border-radius-top-left:0px;--awb-border-radius-top-right:0px;--awb-border-radius-bottom-right:0px;--awb-border-radius-bottom-left:0px;--awb-flex-wrap:wrap;\" ><div class=\"fusion-builder-row fusion-row\"><div class=\"fusion-layout-column fusion_builder_column fusion-builder-column-5 fusion_builder_column_1_1 1_1 fusion-one-full fusion-column-first fusion-column-last\" style=\"--awb-bg-size:cover;\"><div class=\"fusion-column-wrapper fusion-column-has-shadow fusion-flex-column-wrapper-legacy\"><div class=\"fusion-sep-clear\"><\/div><div class=\"fusion-separator fusion-full-width-sep\" style=\"margin-left: auto;margin-right: auto;margin-top:20px;margin-bottom:40px;width:100%;\"><div class=\"fusion-separator-border sep-single sep-dashed\" style=\"--awb-height:20px;--awb-amount:20px;--awb-sep-color:#7f7f7f;border-color:#7f7f7f;border-top-width:1px;\"><\/div><\/div><div class=\"fusion-sep-clear\"><\/div><div class=\"fusion-clearfix\"><\/div><\/div><\/div><\/div><\/div><div id=\"openstandards\" class=\"fusion-container-anchor\"><div class=\"fusion-fullwidth fullwidth-box fusion-builder-row-3 nonhundred-percent-fullwidth non-hundred-percent-height-scrolling\" style=\"--awb-border-radius-top-left:0px;--awb-border-radius-top-right:0px;--awb-border-radius-bottom-right:0px;--awb-border-radius-bottom-left:0px;--awb-flex-wrap:wrap;\" ><div class=\"fusion-builder-row fusion-row\"><div class=\"fusion-layout-column fusion_builder_column fusion-builder-column-6 fusion_builder_column_1_3 1_3 fusion-one-third fusion-column-first\" style=\"--awb-bg-size:cover;width:33.333333333333%;width:calc(33.333333333333% - ( ( 4% + 4% ) * 0.33333333333333 ) );margin-right: 4%;\"><div class=\"fusion-column-wrapper fusion-column-has-shadow fusion-flex-column-wrapper-legacy\"><div class=\"fusion-image-element in-legacy-container\" style=\"--awb-caption-title-font-family:var(--h2_typography-font-family);--awb-caption-title-font-weight:var(--h2_typography-font-weight);--awb-caption-title-font-style:var(--h2_typography-font-style);--awb-caption-title-size:var(--h2_typography-font-size);--awb-caption-title-transform:var(--h2_typography-text-transform);--awb-caption-title-line-height:var(--h2_typography-line-height);--awb-caption-title-letter-spacing:var(--h2_typography-letter-spacing);\"><span class=\" fusion-imageframe imageframe-none imageframe-2 hover-type-none\"><a href=\"https:\/\/cloudflow.hybridsoftware.com\/wp-content\/uploads\/2019\/07\/FIN_OPEN-STANDARDS_01-1200.jpg\" class=\"fusion-lightbox\" data-rel=\"iLightbox[modul]\" data-title=\"FIN_OPEN-STANDARDS_01-1200\" title=\"FIN_OPEN-STANDARDS_01-370\"><img decoding=\"async\" width=\"370\" height=\"354\" alt=\"FIN OPEN STANDARDS 01 1200\" src=\"https:\/\/cloudflow.hybridsoftware.com\/wp-content\/uploads\/2019\/07\/FIN_OPEN-STANDARDS_01-370.jpg\" class=\"img-responsive wp-image-18140\" srcset=\"https:\/\/cloudflow.hybridsoftware.com\/wp-content\/uploads\/2019\/07\/FIN_OPEN-STANDARDS_01-370-200x191.jpg 200w, https:\/\/cloudflow.hybridsoftware.com\/wp-content\/uploads\/2019\/07\/FIN_OPEN-STANDARDS_01-370.jpg 370w\" sizes=\"(max-width: 800px) 100vw, 370px\" \/><\/a><\/span><\/div><div class=\"fusion-clearfix\"><\/div><\/div><\/div><div class=\"fusion-layout-column fusion_builder_column fusion-builder-column-7 fusion_builder_column_1_3 1_3 fusion-one-third\" style=\"--awb-bg-size:cover;width:33.333333333333%;width:calc(33.333333333333% - ( ( 4% + 4% ) * 0.33333333333333 ) );margin-right: 4%;\"><div class=\"fusion-column-wrapper fusion-column-has-shadow fusion-flex-column-wrapper-legacy\"><div class=\"fusion-title title fusion-title-2 fusion-sep-none fusion-title-text fusion-title-size-three\" style=\"--awb-margin-bottom:15px;\"><h3 class=\"fusion-title-heading title-heading-left\" style=\"margin:0;\">Otev\u0159en\u00e9 standardy<\/h3><\/div><div class=\"fusion-text fusion-text-3\"><p>CLOUDFLOW je vystav\u011bn pln\u011b na otev\u0159en\u00fdch standardech: je zcela webov\u00fd (HTML5), pln\u011b vyu\u017e\u00edv\u00e1 PDF a XML, a podporuje v\u0161echny v\u00fdznamn\u00e9 oborov\u00e9 standardy jako CIP3, XMP a \u0159adu dal\u0161\u00edch.<\/p>\n<p>CLOUDFLOW je pln\u011b \u0159\u00edzen daty d\u00edky v\u00fdkonn\u00e9 dokumentov\u011b orientovan\u00e9 datab\u00e1zi Mongo-DB. Obsahuje kompletn\u011b zdokumentovan\u00e9 REST API umo\u017e\u0148uj\u00edc\u00ed hladkou integraci s va\u0161\u00ed IT infrastrukturou.<\/p>\n<\/div><div class=\"fusion-clearfix\"><\/div><\/div><\/div><div class=\"fusion-layout-column fusion_builder_column fusion-builder-column-8 fusion_builder_column_1_3 1_3 fusion-one-third fusion-column-last\" style=\"--awb-padding-right:0px;--awb-bg-size:cover;width:33.333333333333%;width:calc(33.333333333333% - ( ( 4% + 4% ) * 0.33333333333333 ) );\"><div class=\"fusion-column-wrapper fusion-column-has-shadow fusion-flex-column-wrapper-legacy\"><div class=\"fusion-sep-clear\"><\/div><div class=\"fusion-separator fusion-full-width-sep\" style=\"margin-left: auto;margin-right: auto;margin-top:38px;margin-bottom:20px;width:100%;\"><\/div><div class=\"fusion-sep-clear\"><\/div><div class=\"fusion-text fusion-text-4\"><p>S modulem Datalink lze p\u0159idat funkce pro p\u0159\u00edstup a manipulaci s daty, co\u017e umo\u017en\u00ed spolupr\u00e1ci s SQL a jin\u00fdm datov\u00fdmi strukturami.<\/p>\n<\/div><a class=\"button-more\" href=\"\/cs\/#modulararchitecture\">zp\u011bt \u2026<\/a><div class=\"fusion-clearfix\"><\/div><\/div><\/div><\/div><\/div><\/div><div class=\"fusion-fullwidth fullwidth-box fusion-builder-row-4 nonhundred-percent-fullwidth non-hundred-percent-height-scrolling\" style=\"--awb-border-radius-top-left:0px;--awb-border-radius-top-right:0px;--awb-border-radius-bottom-right:0px;--awb-border-radius-bottom-left:0px;--awb-flex-wrap:wrap;\" ><div class=\"fusion-builder-row fusion-row\"><div class=\"fusion-layout-column fusion_builder_column fusion-builder-column-9 fusion_builder_column_1_1 1_1 fusion-one-full fusion-column-first fusion-column-last\" style=\"--awb-bg-size:cover;\"><div class=\"fusion-column-wrapper fusion-column-has-shadow fusion-flex-column-wrapper-legacy\"><div class=\"fusion-sep-clear\"><\/div><div class=\"fusion-separator fusion-full-width-sep\" style=\"margin-left: auto;margin-right: auto;margin-top:20px;margin-bottom:40px;width:100%;\"><div class=\"fusion-separator-border sep-single sep-dashed\" style=\"--awb-height:20px;--awb-amount:20px;--awb-sep-color:#7f7f7f;border-color:#7f7f7f;border-top-width:1px;\"><\/div><\/div><div class=\"fusion-sep-clear\"><\/div><div class=\"fusion-clearfix\"><\/div><\/div><\/div><\/div><\/div><div id=\"industry40\" class=\"fusion-container-anchor\"><div class=\"fusion-fullwidth fullwidth-box fusion-builder-row-5 nonhundred-percent-fullwidth non-hundred-percent-height-scrolling\" style=\"--awb-border-radius-top-left:0px;--awb-border-radius-top-right:0px;--awb-border-radius-bottom-right:0px;--awb-border-radius-bottom-left:0px;--awb-flex-wrap:wrap;\" ><div class=\"fusion-builder-row fusion-row\"><div class=\"fusion-layout-column fusion_builder_column fusion-builder-column-10 fusion_builder_column_1_1 1_1 fusion-one-full fusion-column-first fusion-column-last\" style=\"--awb-bg-size:cover;--awb-margin-bottom:0px;\"><div class=\"fusion-column-wrapper fusion-flex-column-wrapper-legacy\"><div class=\"fusion-title title fusion-title-3 fusion-sep-none fusion-title-text fusion-title-size-three\" style=\"--awb-margin-bottom:15px;\"><h3 class=\"fusion-title-heading title-heading-left\" style=\"margin:0;\">Pr\u016fmysl 4.0<\/h3><\/div><div class=\"fusion-clearfix\"><\/div><\/div><\/div><div class=\"fusion-layout-column fusion_builder_column fusion-builder-column-11 fusion_builder_column_1_3 1_3 fusion-one-third fusion-column-first\" style=\"--awb-bg-size:cover;width:33.333333333333%;width:calc(33.333333333333% - ( ( 25px + 35px ) * 0.33333333333333 ) );margin-right: 25px;\"><div class=\"fusion-column-wrapper fusion-column-has-shadow fusion-flex-column-wrapper-legacy\"><div class=\"fusion-text fusion-text-5\"><p>D\u00edky schopnosti fungovat zcela v cloudu nab\u00edz\u00ed CLOUDFLOW spolehlivou platformu k zvl\u00e1dnut\u00ed digit\u00e1ln\u00ed transformace a Pr\u016fmyslu 4.0 ve sv\u011bt\u011b etiket a obal\u016f. D\u00edky modulu Orchestrator se integruje a spolupracuje se v\u0161emi \u010dl\u00e1nky, IT slu\u017ebami<\/p>\n<\/div><div class=\"fusion-clearfix\"><\/div><\/div><\/div><div class=\"fusion-layout-column fusion_builder_column fusion-builder-column-12 fusion_builder_column_1_3 1_3 fusion-one-third\" style=\"--awb-padding-right:0px;--awb-bg-size:cover;width:33.333333333333%;width:calc(33.333333333333% - ( ( 25px + 35px ) * 0.33333333333333 ) );margin-right: 35px;\"><div class=\"fusion-column-wrapper fusion-column-has-shadow fusion-flex-column-wrapper-legacy\"><div class=\"fusion-text fusion-text-6\"><p>a vybaven\u00edm cel\u00e9ho hodnotov\u00e9ho \u0159et\u011bzce od objedn\u00e1vky po dod\u00e1vku poskytnut\u00edm v\u0161estrann\u00fdch rozhran\u00ed a v\u00fdkonn\u00fdch v\u00fdpo\u010detn\u00edch jader.<\/p>\n<\/div><a class=\"button-more\" href=\"\/cs\/#modulararchitecture\">zp\u011bt \u2026<\/a><div class=\"fusion-clearfix\"><\/div><\/div><\/div><div class=\"fusion-layout-column fusion_builder_column fusion-builder-column-13 fusion_builder_column_1_3 1_3 fusion-one-third fusion-column-last\" style=\"--awb-bg-size:cover;width:33.333333333333%;width:calc(33.333333333333% - ( ( 25px + 35px ) * 0.33333333333333 ) );\"><div class=\"fusion-column-wrapper fusion-column-has-shadow fusion-flex-column-wrapper-legacy\"><div class=\"fusion-image-element in-legacy-container\" style=\"--awb-caption-title-font-family:var(--h2_typography-font-family);--awb-caption-title-font-weight:var(--h2_typography-font-weight);--awb-caption-title-font-style:var(--h2_typography-font-style);--awb-caption-title-size:var(--h2_typography-font-size);--awb-caption-title-transform:var(--h2_typography-text-transform);--awb-caption-title-line-height:var(--h2_typography-line-height);--awb-caption-title-letter-spacing:var(--h2_typography-letter-spacing);\"><span class=\" fusion-imageframe imageframe-none imageframe-3 hover-type-none\"><a href=\"https:\/\/cloudflow.hybridsoftware.com\/wp-content\/uploads\/2019\/07\/FIN_INDUSTRY-40_01_1200.jpg\" class=\"fusion-lightbox\" data-rel=\"iLightbox[modul]\" data-title=\"FIN_INDUSTRY-40_01_1200\" title=\"FIN_INDUSTRY-40_01_370\"><img decoding=\"async\" width=\"370\" height=\"354\" alt=\"FIN INDUSTRY 40 01 1200\" src=\"https:\/\/cloudflow.hybridsoftware.com\/wp-content\/uploads\/2019\/07\/FIN_INDUSTRY-40_01_370.jpg\" class=\"img-responsive wp-image-18120\" srcset=\"https:\/\/cloudflow.hybridsoftware.com\/wp-content\/uploads\/2019\/07\/FIN_INDUSTRY-40_01_370-200x191.jpg 200w, https:\/\/cloudflow.hybridsoftware.com\/wp-content\/uploads\/2019\/07\/FIN_INDUSTRY-40_01_370.jpg 370w\" sizes=\"(max-width: 800px) 100vw, 370px\" \/><\/a><\/span><\/div><div class=\"fusion-clearfix\"><\/div><\/div><\/div><\/div><\/div><\/div><div class=\"fusion-fullwidth fullwidth-box fusion-builder-row-6 fusion-flex-container nonhundred-percent-fullwidth non-hundred-percent-height-scrolling\" style=\"--awb-border-radius-top-left:0px;--awb-border-radius-top-right:0px;--awb-border-radius-bottom-right:0px;--awb-border-radius-bottom-left:0px;--awb-flex-wrap:wrap;\" ><div class=\"fusion-builder-row fusion-row fusion-flex-align-items-flex-start fusion-flex-content-wrap\" style=\"max-width:1248px;margin-left: calc(-4% \/ 2 );margin-right: calc(-4% \/ 2 );\"><div class=\"fusion-layout-column fusion_builder_column fusion-builder-column-14 fusion_builder_column_1_1 1_1 fusion-flex-column\" style=\"--awb-bg-size:cover;--awb-width-large:100%;--awb-margin-top-large:0px;--awb-spacing-right-large:1.92%;--awb-margin-bottom-large:20px;--awb-spacing-left-large:1.92%;--awb-width-medium:100%;--awb-spacing-right-medium:1.92%;--awb-spacing-left-medium:1.92%;--awb-width-small:100%;--awb-spacing-right-small:1.92%;--awb-spacing-left-small:1.92%;\"><div class=\"fusion-column-wrapper fusion-column-has-shadow fusion-flex-justify-content-flex-start fusion-content-layout-column\"><div class=\"fusion-separator fusion-full-width-sep\" style=\"align-self: center;margin-left: auto;margin-right: auto;margin-top:80px;margin-bottom:40px;width:100%;\"><\/div><\/div><\/div><\/div><\/div>\n<\/p>\n","protected":false},"excerpt":{"rendered":"","protected":false},"author":2,"featured_media":0,"parent":0,"menu_order":0,"comment_status":"open","ping_status":"open","template":"","meta":{"footnotes":""},"acf":[],"yoast_head":"<!-- This site is optimized with the Yoast SEO plugin v21.6 - https:\/\/yoast.com\/wordpress\/plugins\/seo\/ -->\n<title>KONCEPTY CLOUDFLOW - CLOUDFLOW by HYBRID Software<\/title>\n<meta name=\"robots\" content=\"index, follow, max-snippet:-1, max-image-preview:large, max-video-preview:-1\" \/>\n<link rel=\"canonical\" href=\"https:\/\/cloudflow.hybridsoftware.com\/cs\/cloudflow-concepts\/\" \/>\n<meta property=\"og:locale\" content=\"cs_CZ\" \/>\n<meta property=\"og:type\" content=\"article\" \/>\n<meta property=\"og:title\" content=\"KONCEPTY CLOUDFLOW - CLOUDFLOW by HYBRID Software\" \/>\n<meta property=\"og:url\" content=\"https:\/\/cloudflow.hybridsoftware.com\/cs\/cloudflow-concepts\/\" \/>\n<meta property=\"og:site_name\" content=\"CLOUDFLOW by HYBRID Software\" \/>\n<meta property=\"article:modified_time\" content=\"2019-07-22T17:09:01+00:00\" \/>\n<meta name=\"twitter:card\" content=\"summary_large_image\" \/>\n<meta name=\"twitter:label1\" content=\"Odhadovan\u00e1 doba \u010dten\u00ed\" \/>\n\t<meta name=\"twitter:data1\" content=\"15 minut\" \/>\n<script type=\"application\/ld+json\" class=\"yoast-schema-graph\">{\"@context\":\"https:\/\/schema.org\",\"@graph\":[{\"@type\":\"WebPage\",\"@id\":\"https:\/\/cloudflow.hybridsoftware.com\/cs\/cloudflow-concepts\/\",\"url\":\"https:\/\/cloudflow.hybridsoftware.com\/cs\/cloudflow-concepts\/\",\"name\":\"KONCEPTY CLOUDFLOW - CLOUDFLOW by HYBRID Software\",\"isPartOf\":{\"@id\":\"https:\/\/cloudflow.hybridsoftware.com\/zh-hant\/#website\"},\"datePublished\":\"2017-07-11T22:00:00+00:00\",\"dateModified\":\"2019-07-22T17:09:01+00:00\",\"breadcrumb\":{\"@id\":\"https:\/\/cloudflow.hybridsoftware.com\/cs\/cloudflow-concepts\/#breadcrumb\"},\"inLanguage\":\"cs\",\"potentialAction\":[{\"@type\":\"ReadAction\",\"target\":[\"https:\/\/cloudflow.hybridsoftware.com\/cs\/cloudflow-concepts\/\"]}]},{\"@type\":\"BreadcrumbList\",\"@id\":\"https:\/\/cloudflow.hybridsoftware.com\/cs\/cloudflow-concepts\/#breadcrumb\",\"itemListElement\":[{\"@type\":\"ListItem\",\"position\":1,\"name\":\"Startseite\",\"item\":\"https:\/\/cloudflow.hybridsoftware.com\/cs\/\"},{\"@type\":\"ListItem\",\"position\":2,\"name\":\"KONCEPTY CLOUDFLOW\"}]},{\"@type\":\"WebSite\",\"@id\":\"https:\/\/cloudflow.hybridsoftware.com\/zh-hant\/#website\",\"url\":\"https:\/\/cloudflow.hybridsoftware.com\/zh-hant\/\",\"name\":\"CLOUDFLOW by HYBRID Software\",\"description\":\"ENTERPRISE WORKFLOW\",\"potentialAction\":[{\"@type\":\"SearchAction\",\"target\":{\"@type\":\"EntryPoint\",\"urlTemplate\":\"https:\/\/cloudflow.hybridsoftware.com\/zh-hant\/?s={search_term_string}\"},\"query-input\":\"required name=search_term_string\"}],\"inLanguage\":\"cs\"}]}<\/script>\n<!-- \/ Yoast SEO plugin. -->","yoast_head_json":{"title":"KONCEPTY CLOUDFLOW - CLOUDFLOW by HYBRID Software","robots":{"index":"index","follow":"follow","max-snippet":"max-snippet:-1","max-image-preview":"max-image-preview:large","max-video-preview":"max-video-preview:-1"},"canonical":"https:\/\/cloudflow.hybridsoftware.com\/cs\/cloudflow-concepts\/","og_locale":"cs_CZ","og_type":"article","og_title":"KONCEPTY CLOUDFLOW - CLOUDFLOW by HYBRID Software","og_url":"https:\/\/cloudflow.hybridsoftware.com\/cs\/cloudflow-concepts\/","og_site_name":"CLOUDFLOW by HYBRID Software","article_modified_time":"2019-07-22T17:09:01+00:00","twitter_card":"summary_large_image","twitter_misc":{"Odhadovan\u00e1 doba \u010dten\u00ed":"15 minut"},"schema":{"@context":"https:\/\/schema.org","@graph":[{"@type":"WebPage","@id":"https:\/\/cloudflow.hybridsoftware.com\/cs\/cloudflow-concepts\/","url":"https:\/\/cloudflow.hybridsoftware.com\/cs\/cloudflow-concepts\/","name":"KONCEPTY CLOUDFLOW - CLOUDFLOW by HYBRID Software","isPartOf":{"@id":"https:\/\/cloudflow.hybridsoftware.com\/zh-hant\/#website"},"datePublished":"2017-07-11T22:00:00+00:00","dateModified":"2019-07-22T17:09:01+00:00","breadcrumb":{"@id":"https:\/\/cloudflow.hybridsoftware.com\/cs\/cloudflow-concepts\/#breadcrumb"},"inLanguage":"cs","potentialAction":[{"@type":"ReadAction","target":["https:\/\/cloudflow.hybridsoftware.com\/cs\/cloudflow-concepts\/"]}]},{"@type":"BreadcrumbList","@id":"https:\/\/cloudflow.hybridsoftware.com\/cs\/cloudflow-concepts\/#breadcrumb","itemListElement":[{"@type":"ListItem","position":1,"name":"Startseite","item":"https:\/\/cloudflow.hybridsoftware.com\/cs\/"},{"@type":"ListItem","position":2,"name":"KONCEPTY CLOUDFLOW"}]},{"@type":"WebSite","@id":"https:\/\/cloudflow.hybridsoftware.com\/zh-hant\/#website","url":"https:\/\/cloudflow.hybridsoftware.com\/zh-hant\/","name":"CLOUDFLOW by HYBRID Software","description":"ENTERPRISE WORKFLOW","potentialAction":[{"@type":"SearchAction","target":{"@type":"EntryPoint","urlTemplate":"https:\/\/cloudflow.hybridsoftware.com\/zh-hant\/?s={search_term_string}"},"query-input":"required name=search_term_string"}],"inLanguage":"cs"}]}},"_links":{"self":[{"href":"https:\/\/cloudflow.hybridsoftware.com\/cs\/wp-json\/wp\/v2\/pages\/19163"}],"collection":[{"href":"https:\/\/cloudflow.hybridsoftware.com\/cs\/wp-json\/wp\/v2\/pages"}],"about":[{"href":"https:\/\/cloudflow.hybridsoftware.com\/cs\/wp-json\/wp\/v2\/types\/page"}],"author":[{"embeddable":true,"href":"https:\/\/cloudflow.hybridsoftware.com\/cs\/wp-json\/wp\/v2\/users\/2"}],"replies":[{"embeddable":true,"href":"https:\/\/cloudflow.hybridsoftware.com\/cs\/wp-json\/wp\/v2\/comments?post=19163"}],"version-history":[{"count":4,"href":"https:\/\/cloudflow.hybridsoftware.com\/cs\/wp-json\/wp\/v2\/pages\/19163\/revisions"}],"predecessor-version":[{"id":19171,"href":"https:\/\/cloudflow.hybridsoftware.com\/cs\/wp-json\/wp\/v2\/pages\/19163\/revisions\/19171"}],"wp:attachment":[{"href":"https:\/\/cloudflow.hybridsoftware.com\/cs\/wp-json\/wp\/v2\/media?parent=19163"}],"curies":[{"name":"wp","href":"https:\/\/api.w.org\/{rel}","templated":true}]}}